{"id":2329,"date":"2025-11-02T18:25:46","date_gmt":"2025-11-02T23:25:46","guid":{"rendered":"https:\/\/www.grpcartier.com\/k\/custom-made-kitchen-montreal.html"},"modified":"2026-03-30T14:10:43","modified_gmt":"2026-03-30T18:10:43","slug":"custom-made-kitchen-montreal","status":"publish","type":"page","link":"https:\/\/grpcartier.com\/en\/custom-made-kitchen-montreal\/","title":{"rendered":"Custom kitchens Montreal"},"content":{"rendered":"\t\t<div data-elementor-type=\"wp-page\" data-elementor-id=\"2329\" class=\"elementor elementor-2329 elementor-2224\" data-elementor-post-type=\"page\">\n\t\t\t\t<div class=\"elementor-element elementor-element-6f031213 e-flex e-con-boxed e-con e-parent\" data-id=\"6f031213\" data-element_type=\"container\" data-e-type=\"container\" data-settings=\"{&quot;background_background&quot;:&quot;classic&quot;}\">\n\t\t\t\t\t<div class=\"e-con-inner\">\n\t\t<div class=\"elementor-element elementor-element-5a9193ad e-con-full e-flex e-con e-child\" data-id=\"5a9193ad\" data-element_type=\"container\" data-e-type=\"container\">\n\t\t\t\t<div class=\"elementor-element elementor-element-47ba5da5 elementor-invisible elementor-widget elementor-widget-heading\" data-id=\"47ba5da5\" data-element_type=\"widget\" data-e-type=\"widget\" data-settings=\"{&quot;_animation&quot;:&quot;fadeInLeft&quot;}\" data-widget_type=\"heading.default\">\n\t\t\t\t\t<h1 class=\"elementor-heading-title elementor-size-default\">Custom kitchens Montreal<\/h1>\t\t\t\t<\/div>\n\t\t\t\t<\/div>\n\t\t<div class=\"elementor-element elementor-element-11f3a9e1 e-con-full e-flex e-con e-child\" data-id=\"11f3a9e1\" data-element_type=\"container\" data-e-type=\"container\">\n\t\t\t\t<\/div>\n\t\t\t\t\t<\/div>\n\t\t\t\t<\/div>\n\t\t<div class=\"elementor-element elementor-element-27199a69 e-flex e-con-boxed e-con e-parent\" data-id=\"27199a69\" data-element_type=\"container\" data-e-type=\"container\">\n\t\t\t\t\t<div class=\"e-con-inner\">\n\t\t<div class=\"elementor-element elementor-element-7968446f e-con-full e-flex e-con e-child\" data-id=\"7968446f\" data-element_type=\"container\" data-e-type=\"container\" data-settings=\"{&quot;background_background&quot;:&quot;classic&quot;}\">\n\t\t\t\t<div class=\"elementor-element elementor-element-30caa01b elementor-widget elementor-widget-image\" data-id=\"30caa01b\" data-element_type=\"widget\" data-e-type=\"widget\" data-widget_type=\"image.default\">\n\t\t\t\t\t\t\t\t\t\t\t\t\t\t\t<img fetchpriority=\"high\" decoding=\"async\" width=\"683\" height=\"1024\" src=\"https:\/\/grpcartier.com\/wp-content\/uploads\/2025\/10\/IMG_6434-683x1024.jpg\" class=\"attachment-large size-large wp-image-3184\" alt=\"\" srcset=\"https:\/\/grpcartier.com\/wp-content\/uploads\/2025\/10\/IMG_6434-683x1024.jpg 683w, https:\/\/grpcartier.com\/wp-content\/uploads\/2025\/10\/IMG_6434-200x300.jpg 200w, https:\/\/grpcartier.com\/wp-content\/uploads\/2025\/10\/IMG_6434-768x1152.jpg 768w, https:\/\/grpcartier.com\/wp-content\/uploads\/2025\/10\/IMG_6434.jpg 1024w\" sizes=\"(max-width: 683px) 100vw, 683px\" \/>\t\t\t\t\t\t\t\t\t\t\t\t\t\t\t<\/div>\n\t\t\t\t<\/div>\n\t\t<div class=\"elementor-element elementor-element-685b3262 e-con-full e-flex e-con e-child\" data-id=\"685b3262\" data-element_type=\"container\" data-e-type=\"container\">\n\t\t\t\t<div class=\"elementor-element elementor-element-e28ae89 elementor-widget elementor-widget-text-editor\" data-id=\"e28ae89\" data-element_type=\"widget\" data-e-type=\"widget\" data-widget_type=\"text-editor.default\">\n\t\t\t\t\t\t\t\t\t<p>Groupe Cartier will guide and inspire you in your custom kitchen renovation or construction project in Montreal. Our team of interior designers will advise you on the choice of materials, colours and finishes, and will guide your project from the design stage through to installation and commissioning. Groupe Cartier has specialized in the creation of custom kitchens in Montreal for over 20 years. Come and meet our designers and contractors, and we&#8217;ll evaluate with you the best approach to bring your project to fruition.<\/p><p>In order to understand your desires and aspirations, and to fully understand the space to be renovated, our Montreal custom kitchen experts will travel to your home to take the measurements of your space needed to design the project. We will then propose a complete layout solution with design plans, technical sketches, a selection of materials, colours and finishing products, and we will draw up a layout plan for the final execution of the work. Groupe Cartier will take care of your custom kitchen construction or renovation project in Montreal and bring to life, to your greatest satisfaction, the new living space you&#8217;ve always dreamed of!<\/p>\t\t\t\t\t\t\t\t<\/div>\n\t\t<div class=\"elementor-element elementor-element-4fb33c5f e-con-full e-flex e-con e-child\" data-id=\"4fb33c5f\" data-element_type=\"container\" data-e-type=\"container\">\n\t\t\t\t<div class=\"elementor-element elementor-element-634ab36b elementor-widget elementor-widget-button\" data-id=\"634ab36b\" data-element_type=\"widget\" data-e-type=\"widget\" data-widget_type=\"button.default\">\n\t\t\t\t\t\t\t\t\t\t<a class=\"elementor-button elementor-button-link elementor-size-sm\" href=\"https:\/\/grpcartier.com\/en\/about-us\/\">\n\t\t\t\t\t\t<span class=\"elementor-button-content-wrapper\">\n\t\t\t\t\t\t\t\t\t<span class=\"elementor-button-text\">Discover Groupe Cartier<\/span>\n\t\t\t\t\t<\/span>\n\t\t\t\t\t<\/a>\n\t\t\t\t\t\t\t\t<\/div>\n\t\t\t\t<div class=\"elementor-element elementor-element-7d8749ac elementor-widget elementor-widget-button\" data-id=\"7d8749ac\" data-element_type=\"widget\" data-e-type=\"widget\" data-widget_type=\"button.default\">\n\t\t\t\t\t\t\t\t\t\t<a class=\"elementor-button elementor-button-link elementor-size-sm\" href=\"https:\/\/grpcartier.com\/en\/contact-us\/\">\n\t\t\t\t\t\t<span class=\"elementor-button-content-wrapper\">\n\t\t\t\t\t\t\t\t\t<span class=\"elementor-button-text\">Contact us<\/span>\n\t\t\t\t\t<\/span>\n\t\t\t\t\t<\/a>\n\t\t\t\t\t\t\t\t<\/div>\n\t\t\t\t<\/div>\n\t\t\t\t<\/div>\n\t\t\t\t\t<\/div>\n\t\t\t\t<\/div>\n\t\t<div class=\"elementor-element elementor-element-34362fa8 e-flex e-con-boxed e-con e-parent\" data-id=\"34362fa8\" data-element_type=\"container\" data-e-type=\"container\">\n\t\t\t\t\t<div class=\"e-con-inner\">\n\t\t<div class=\"elementor-element elementor-element-7811b20f e-con-full e-flex e-con e-child\" data-id=\"7811b20f\" data-element_type=\"container\" data-e-type=\"container\">\n\t\t\t\t<div class=\"elementor-element elementor-element-7d2823fb elementor-widget elementor-widget-text-editor\" data-id=\"7d2823fb\" data-element_type=\"widget\" data-e-type=\"widget\" data-widget_type=\"text-editor.default\">\n\t\t\t\t\t\t\t\t\t<p>See also:<br><a href=\"https:\/\/grpcartier.com\/ajout-etage-duplex-montreal\/\">Adding a floor<\/a>, <a href=\"https:\/\/grpcartier.com\/en\/interior-design\/\">Interior designer<\/a>, <a href=\"https:\/\/grpcartier.com\/en\/interior-design-montreal\/\">Interior design in Montreal<\/a>, <a href=\"https:\/\/grpcartier.com\/armoires-de-cuisine-montreal\/\">Kitchen cabinets in Montreal: creation or renovation by Groupe Cartier<\/a>, <a class=\"row-title\" href=\"https:\/\/grpcartier.com\/wp-admin\/post.php?post=2188&amp;action=edit&amp;lang=fr\" aria-label=\"\u00ab La r\u00e9novation d\u2019armoires de cuisine \u00e0 Montr\u00e9al: les questions \u00e0 vous poser. \u00bb (Modifier)\">Kitchen cabinet renovation in Montreal: questions to ask yourself<\/a>, <a href=\"https:\/\/grpcartier.com\/cout-renovation-duplex\/\">Cost of renovating a duplex<\/a>, <a href=\"https:\/\/grpcartier.com\/en\/custom-made-kitchen-montreal\/\">Custom kitchen in Montreal<\/a>, <a href=\"https:\/\/grpcartier.com\/cuisiniste-montreal\/\">Montreal kitchen designer<\/a>, <a href=\"https:\/\/grpcartier.com\/renovation-commerciale\/\">Commercial renovation<\/a>, <a href=\"https:\/\/grpcartier.com\/en\/kitchen-renovation-montreal\/\">Kitchen renovation in Montreal,<\/a> <a href=\"https:\/\/grpcartier.com\/renovation-duplex-et-triplex-montreal\/\">Duplex and triplex renovation in Montreal<\/a> <\/p>\t\t\t\t\t\t\t\t<\/div>\n\t\t\t\t<\/div>\n\t\t<div class=\"elementor-element elementor-element-27c45cd9 e-con-full e-flex e-con e-child\" data-id=\"27c45cd9\" data-element_type=\"container\" data-e-type=\"container\">\n\t\t\t\t<div class=\"elementor-element elementor-element-6f11bb53 elementor-widget elementor-widget-image\" data-id=\"6f11bb53\" data-element_type=\"widget\" data-e-type=\"widget\" data-widget_type=\"image.default\">\n\t\t\t\t\t\t\t\t\t\t\t\t\t\t\t<img decoding=\"async\" width=\"800\" height=\"534\" src=\"https:\/\/grpcartier.com\/wp-content\/uploads\/2025\/10\/IMG_6418.jpg\" class=\"attachment-large size-large wp-image-3179\" alt=\"\" srcset=\"https:\/\/grpcartier.com\/wp-content\/uploads\/2025\/10\/IMG_6418.jpg 1024w, https:\/\/grpcartier.com\/wp-content\/uploads\/2025\/10\/IMG_6418-300x200.jpg 300w, https:\/\/grpcartier.com\/wp-content\/uploads\/2025\/10\/IMG_6418-768x512.jpg 768w\" sizes=\"(max-width: 800px) 100vw, 800px\" \/>\t\t\t\t\t\t\t\t\t\t\t\t\t\t\t<\/div>\n\t\t\t\t<\/div>\n\t\t\t\t\t<\/div>\n\t\t\t\t<\/div>\n\t\t<div class=\"elementor-element elementor-element-80c2744 e-flex e-con-boxed e-con e-parent\" data-id=\"80c2744\" data-element_type=\"container\" data-e-type=\"container\">\n\t\t\t\t\t<div class=\"e-con-inner\">\n\t\t\t\t<div class=\"elementor-element elementor-element-e438071 elementor-widget elementor-widget-html\" data-id=\"e438071\" data-element_type=\"widget\" data-e-type=\"widget\" data-widget_type=\"html.default\">\n\t\t\t\t\t<script type=\"application\/ld+json\">\n{\n  \"@context\": \"https:\/\/schema.org\",\n  \"@type\": \"Service\",\n  \"name\": \"Custom Kitchens in Montreal\",\n  \"serviceType\": \"Custom kitchen design and installation\",\n  \"url\": \"https:\/\/grpcartier.com\/en\/custom-made-kitchen-montreal\/\",\n  \"provider\": {\n    \"@type\": \"LocalBusiness\",\n    \"name\": \"Groupe Cartier\",\n    \"url\": \"https:\/\/grpcartier.com\",\n    \"telephone\": \"+15146296029\"\n  },\n  \"areaServed\": { \"@type\": \"City\", \"name\": \"Montr\u00e9al\" },\n  \"inLanguage\": \"en-CA\"\n}\n<\/script>\t\t\t\t<\/div>\n\t\t\t\t<div class=\"elementor-element elementor-element-63c7d9b elementor-widget elementor-widget-html\" data-id=\"63c7d9b\" data-element_type=\"widget\" data-e-type=\"widget\" data-widget_type=\"html.default\">\n\t\t\t\t\t<script type=\"application\/ld+json\">\n{\n  \"@context\": \"https:\/\/schema.org\",\n  \"@type\": \"BreadcrumbList\",\n  \"itemListElement\": [\n    { \"@type\": \"ListItem\", \"position\": 1, \"name\": \"Home\", \"item\": \"https:\/\/grpcartier.com\/en\/\" },\n    { \"@type\": \"ListItem\", \"position\": 2, \"name\": \"Custom Kitchens\", \"item\": \"https:\/\/grpcartier.com\/en\/custom-kitchens\/\" },\n    { \"@type\": \"ListItem\", \"position\": 3, \"name\": \"Custom Kitchens in Montreal\", \"item\": \"https:\/\/grpcartier.com\/en\/custom-made-kitchen-montreal\/\" }\n  ]\n}\n<\/script>\t\t\t\t<\/div>\n\t\t\t\t\t<\/div>\n\t\t\t\t<\/div>\n\t\t\t\t<\/div>\n\t\t","protected":false},"excerpt":{"rendered":"<p>Custom kitchens Montreal Groupe Cartier will guide and inspire you in your custom kitchen renovation or construction project in Montreal. Our team of interior designers will advise you on the choice of materials, colours and finishes, and will guide your project from the design stage through to installation and commissioning. Groupe Cartier has specialized in [&hellip;]<\/p>\n","protected":false},"author":2,"featured_media":0,"parent":0,"menu_order":0,"comment_status":"open","ping_status":"open","template":"elementor_header_footer","meta":{"_acf_changed":false,"footnotes":""},"class_list":["post-2329","page","type-page","status-publish","hentry"],"acf":[],"_links":{"self":[{"href":"https:\/\/grpcartier.com\/en\/wp-json\/wp\/v2\/pages\/2329","targetHints":{"allow":["GET"]}}],"collection":[{"href":"https:\/\/grpcartier.com\/en\/wp-json\/wp\/v2\/pages"}],"about":[{"href":"https:\/\/grpcartier.com\/en\/wp-json\/wp\/v2\/types\/page"}],"author":[{"embeddable":true,"href":"https:\/\/grpcartier.com\/en\/wp-json\/wp\/v2\/users\/2"}],"replies":[{"embeddable":true,"href":"https:\/\/grpcartier.com\/en\/wp-json\/wp\/v2\/comments?post=2329"}],"version-history":[{"count":9,"href":"https:\/\/grpcartier.com\/en\/wp-json\/wp\/v2\/pages\/2329\/revisions"}],"predecessor-version":[{"id":5843,"href":"https:\/\/grpcartier.com\/en\/wp-json\/wp\/v2\/pages\/2329\/revisions\/5843"}],"wp:attachment":[{"href":"https:\/\/grpcartier.com\/en\/wp-json\/wp\/v2\/media?parent=2329"}],"curies":[{"name":"wp","href":"https:\/\/api.w.org\/{rel}","templated":true}]}}