{"id":2327,"date":"2025-11-02T18:26:40","date_gmt":"2025-11-02T23:26:40","guid":{"rendered":"https:\/\/www.grpcartier.com\/k\/commercial-renovation-town-of-mount-royal.html"},"modified":"2026-03-30T14:05:21","modified_gmt":"2026-03-30T18:05:21","slug":"commercial-renovation-mount-royal","status":"publish","type":"page","link":"https:\/\/grpcartier.com\/en\/commercial-renovation-mount-royal\/","title":{"rendered":"Commercial renovation Mount Royal"},"content":{"rendered":"\t\t<div data-elementor-type=\"wp-page\" data-elementor-id=\"2327\" class=\"elementor elementor-2327 elementor-2239\" data-elementor-post-type=\"page\">\n\t\t\t\t<div class=\"elementor-element elementor-element-3c1c23fa e-flex e-con-boxed e-con e-parent\" data-id=\"3c1c23fa\" data-element_type=\"container\" data-e-type=\"container\" data-settings=\"{&quot;background_background&quot;:&quot;classic&quot;}\">\n\t\t\t\t\t<div class=\"e-con-inner\">\n\t\t<div class=\"elementor-element elementor-element-1f66ba9d e-con-full e-flex e-con e-child\" data-id=\"1f66ba9d\" data-element_type=\"container\" data-e-type=\"container\">\n\t\t\t\t<div class=\"elementor-element elementor-element-5e843294 elementor-invisible elementor-widget elementor-widget-heading\" data-id=\"5e843294\" data-element_type=\"widget\" data-e-type=\"widget\" data-settings=\"{&quot;_animation&quot;:&quot;fadeInLeft&quot;}\" data-widget_type=\"heading.default\">\n\t\t\t\t\t<h1 class=\"elementor-heading-title elementor-size-default\">Commercial renovation Mount Royal<\/h1>\t\t\t\t<\/div>\n\t\t\t\t<\/div>\n\t\t<div class=\"elementor-element elementor-element-48db8f3e e-con-full e-flex e-con e-child\" data-id=\"48db8f3e\" data-element_type=\"container\" data-e-type=\"container\">\n\t\t\t\t<\/div>\n\t\t\t\t\t<\/div>\n\t\t\t\t<\/div>\n\t\t<div class=\"elementor-element elementor-element-1ab7c922 e-flex e-con-boxed e-con e-parent\" data-id=\"1ab7c922\" data-element_type=\"container\" data-e-type=\"container\">\n\t\t\t\t\t<div class=\"e-con-inner\">\n\t\t<div class=\"elementor-element elementor-element-7cfa7f77 e-con-full e-flex e-con e-child\" data-id=\"7cfa7f77\" data-element_type=\"container\" data-e-type=\"container\" data-settings=\"{&quot;background_background&quot;:&quot;classic&quot;}\">\n\t\t\t\t<div class=\"elementor-element elementor-element-3141614b elementor-widget elementor-widget-image\" data-id=\"3141614b\" data-element_type=\"widget\" data-e-type=\"widget\" data-widget_type=\"image.default\">\n\t\t\t\t\t\t\t\t\t\t\t\t\t\t\t<img fetchpriority=\"high\" decoding=\"async\" width=\"682\" height=\"1024\" src=\"https:\/\/grpcartier.com\/wp-content\/uploads\/2025\/10\/ROSA_Lanctot_003-682x1024.jpg\" class=\"attachment-large size-large wp-image-2876\" alt=\"\u00e9tag\u00e8re sur mesure en arche\" srcset=\"https:\/\/grpcartier.com\/wp-content\/uploads\/2025\/10\/ROSA_Lanctot_003-682x1024.jpg 682w, https:\/\/grpcartier.com\/wp-content\/uploads\/2025\/10\/ROSA_Lanctot_003-200x300.jpg 200w, https:\/\/grpcartier.com\/wp-content\/uploads\/2025\/10\/ROSA_Lanctot_003-768x1152.jpg 768w, https:\/\/grpcartier.com\/wp-content\/uploads\/2025\/10\/ROSA_Lanctot_003-1024x1536.jpg 1024w, https:\/\/grpcartier.com\/wp-content\/uploads\/2025\/10\/ROSA_Lanctot_003.jpg 1333w\" sizes=\"(max-width: 682px) 100vw, 682px\" \/>\t\t\t\t\t\t\t\t\t\t\t\t\t\t\t<\/div>\n\t\t\t\t<\/div>\n\t\t<div class=\"elementor-element elementor-element-7d127b5c e-con-full e-flex e-con e-child\" data-id=\"7d127b5c\" data-element_type=\"container\" data-e-type=\"container\">\n\t\t\t\t<div class=\"elementor-element elementor-element-3ac80446 elementor-widget elementor-widget-text-editor\" data-id=\"3ac80446\" data-element_type=\"widget\" data-e-type=\"widget\" data-widget_type=\"text-editor.default\">\n\t\t\t\t\t\t\t\t\t<p>Experts in commercial adaptation and renovation in Mont-Royal, Groupe Cartier is the company you need to renovate, redesign, or modernize your premises or business. Our company is the general contractor you need to bring your commercial ideas and ambitions to life. We will listen to you and adapt to ensure that your commercial renovation project in Mont-Royal meets your ambitions, regardless of the work environment and the scope of the work to be carried out.<\/p><p>Our team brings together various specialists in new construction, and Groupe Cartier will coordinate their work meticulously and within the agreed-upon deadlines. Choosing Groupe Cartier for your commercial renovation project in Mont-Royal or the surrounding neighbourhoods means choosing quality and efficiency in working with a company that has over 20 years of experience.<\/p><p>Have your project evaluated now by contacting one of our commercial renovation professionals in Montreal.<\/p>\t\t\t\t\t\t\t\t<\/div>\n\t\t<div class=\"elementor-element elementor-element-29284e42 e-con-full e-flex e-con e-child\" data-id=\"29284e42\" data-element_type=\"container\" data-e-type=\"container\">\n\t\t\t\t<div class=\"elementor-element elementor-element-3cf0e777 elementor-widget elementor-widget-button\" data-id=\"3cf0e777\" data-element_type=\"widget\" data-e-type=\"widget\" data-widget_type=\"button.default\">\n\t\t\t\t\t\t\t\t\t\t<a class=\"elementor-button elementor-button-link elementor-size-sm\" href=\"https:\/\/grpcartier.com\/en\/about-us\/\">\n\t\t\t\t\t\t<span class=\"elementor-button-content-wrapper\">\n\t\t\t\t\t\t\t\t\t<span class=\"elementor-button-text\">Discover Groupe Cartier<\/span>\n\t\t\t\t\t<\/span>\n\t\t\t\t\t<\/a>\n\t\t\t\t\t\t\t\t<\/div>\n\t\t\t\t<div class=\"elementor-element elementor-element-4d6996c2 elementor-widget elementor-widget-button\" data-id=\"4d6996c2\" data-element_type=\"widget\" data-e-type=\"widget\" data-widget_type=\"button.default\">\n\t\t\t\t\t\t\t\t\t\t<a class=\"elementor-button elementor-button-link elementor-size-sm\" href=\"https:\/\/grpcartier.com\/en\/contact-us\/\">\n\t\t\t\t\t\t<span class=\"elementor-button-content-wrapper\">\n\t\t\t\t\t\t\t\t\t<span class=\"elementor-button-text\">Contact us<\/span>\n\t\t\t\t\t<\/span>\n\t\t\t\t\t<\/a>\n\t\t\t\t\t\t\t\t<\/div>\n\t\t\t\t<\/div>\n\t\t\t\t<\/div>\n\t\t\t\t\t<\/div>\n\t\t\t\t<\/div>\n\t\t<div class=\"elementor-element elementor-element-2ccc5afe e-flex e-con-boxed e-con e-parent\" data-id=\"2ccc5afe\" data-element_type=\"container\" data-e-type=\"container\">\n\t\t\t\t\t<div class=\"e-con-inner\">\n\t\t<div class=\"elementor-element elementor-element-13dac831 e-con-full e-flex e-con e-child\" data-id=\"13dac831\" data-element_type=\"container\" data-e-type=\"container\">\n\t\t\t\t<div class=\"elementor-element elementor-element-5135d134 elementor-widget elementor-widget-text-editor\" data-id=\"5135d134\" data-element_type=\"widget\" data-e-type=\"widget\" data-widget_type=\"text-editor.default\">\n\t\t\t\t\t\t\t\t\t<p>See also:<br><a href=\"https:\/\/grpcartier.com\/ajout-etage-duplex-montreal\/\">Adding a floor<\/a>, <a href=\"https:\/\/grpcartier.com\/en\/interior-design\/\">Interior designer<\/a>, <a href=\"https:\/\/grpcartier.com\/en\/interior-design-montreal\/\">Interior design in Montreal<\/a>, <a href=\"https:\/\/grpcartier.com\/armoires-de-cuisine-montreal\/\">Kitchen cabinets in Montreal: creation or renovation by Groupe Cartier<\/a>, <a class=\"row-title\" href=\"https:\/\/grpcartier.com\/wp-admin\/post.php?post=2188&amp;action=edit&amp;lang=fr\" aria-label=\"\u00ab La r\u00e9novation d\u2019armoires de cuisine \u00e0 Montr\u00e9al: les questions \u00e0 vous poser. \u00bb (Modifier)\">Kitchen cabinet renovation in Montreal: questions to ask yourself<\/a>, <a href=\"https:\/\/grpcartier.com\/cout-renovation-duplex\/\">Cost of renovating a duplex<\/a>, <a href=\"https:\/\/grpcartier.com\/en\/custom-made-kitchen-montreal\/\">Custom kitchen in Montreal<\/a>, <a href=\"https:\/\/grpcartier.com\/cuisiniste-montreal\/\">Montreal kitchen designer<\/a>, <a href=\"https:\/\/grpcartier.com\/renovation-commerciale\/\">Commercial renovation<\/a>, <a href=\"https:\/\/grpcartier.com\/en\/kitchen-renovation-montreal\/\">Kitchen renovation in Montreal,<\/a> <a href=\"https:\/\/grpcartier.com\/renovation-duplex-et-triplex-montreal\/\">Duplex and triplex renovation in Montreal<\/a> <\/p>\t\t\t\t\t\t\t\t<\/div>\n\t\t\t\t<\/div>\n\t\t<div class=\"elementor-element elementor-element-5e921308 e-con-full e-flex e-con e-child\" data-id=\"5e921308\" data-element_type=\"container\" data-e-type=\"container\">\n\t\t\t\t<div class=\"elementor-element elementor-element-1636e719 elementor-widget elementor-widget-image\" data-id=\"1636e719\" data-element_type=\"widget\" data-e-type=\"widget\" data-widget_type=\"image.default\">\n\t\t\t\t\t\t\t\t\t\t\t\t\t\t\t<img decoding=\"async\" width=\"800\" height=\"533\" src=\"https:\/\/grpcartier.com\/wp-content\/uploads\/2025\/10\/ROSA_Lanctot_17-1024x682.jpg\" class=\"attachment-large size-large wp-image-2880\" alt=\"\" srcset=\"https:\/\/grpcartier.com\/wp-content\/uploads\/2025\/10\/ROSA_Lanctot_17-1024x682.jpg 1024w, https:\/\/grpcartier.com\/wp-content\/uploads\/2025\/10\/ROSA_Lanctot_17-300x200.jpg 300w, https:\/\/grpcartier.com\/wp-content\/uploads\/2025\/10\/ROSA_Lanctot_17-768x512.jpg 768w, https:\/\/grpcartier.com\/wp-content\/uploads\/2025\/10\/ROSA_Lanctot_17-1536x1024.jpg 1536w, https:\/\/grpcartier.com\/wp-content\/uploads\/2025\/10\/ROSA_Lanctot_17.jpg 2000w\" sizes=\"(max-width: 800px) 100vw, 800px\" \/>\t\t\t\t\t\t\t\t\t\t\t\t\t\t\t<\/div>\n\t\t\t\t<\/div>\n\t\t\t\t\t<\/div>\n\t\t\t\t<\/div>\n\t\t<div class=\"elementor-element elementor-element-f99f080 e-flex e-con-boxed e-con e-parent\" data-id=\"f99f080\" data-element_type=\"container\" data-e-type=\"container\">\n\t\t\t\t\t<div class=\"e-con-inner\">\n\t\t\t\t<div class=\"elementor-element elementor-element-6788e0b elementor-widget elementor-widget-html\" data-id=\"6788e0b\" data-element_type=\"widget\" data-e-type=\"widget\" data-widget_type=\"html.default\">\n\t\t\t\t\t<script type=\"application\/ld+json\">\n{\n  \"@context\": \"https:\/\/schema.org\",\n  \"@type\": \"Service\",\n  \"name\": \"Commercial Renovation in Mount Royal\",\n  \"serviceType\": \"Commercial renovation and interior construction\",\n  \"url\": \"https:\/\/grpcartier.com\/en\/commercial-renovation-mount-royal\/\",\n  \"provider\": {\n    \"@type\": \"LocalBusiness\",\n    \"name\": \"Groupe Cartier\",\n    \"url\": \"https:\/\/grpcartier.com\",\n    \"telephone\": \"+15146296029\"\n  },\n  \"areaServed\": { \"@type\": \"City\", \"name\": \"Mont-Royal\" },\n  \"inLanguage\": \"en-CA\"\n}\n<\/script>\t\t\t\t<\/div>\n\t\t\t\t<div class=\"elementor-element elementor-element-b1779bb elementor-widget elementor-widget-html\" data-id=\"b1779bb\" data-element_type=\"widget\" data-e-type=\"widget\" data-widget_type=\"html.default\">\n\t\t\t\t\t<script type=\"application\/ld+json\">\n{\n  \"@context\": \"https:\/\/schema.org\",\n  \"@type\": \"BreadcrumbList\",\n  \"itemListElement\": [\n    { \"@type\": \"ListItem\", \"position\": 1, \"name\": \"Home\", \"item\": \"https:\/\/grpcartier.com\/en\/\" },\n    { \"@type\": \"ListItem\", \"position\": 2, \"name\": \"General Contractor\", \"item\": \"https:\/\/grpcartier.com\/en\/general-contractor\/\" },\n    { \"@type\": \"ListItem\", \"position\": 3, \"name\": \"Commercial Renovation in Mount Royal\", \"item\": \"https:\/\/grpcartier.com\/en\/commercial-renovation-mount-royal\/\" }\n  ]\n}\n<\/script>\t\t\t\t<\/div>\n\t\t\t\t\t<\/div>\n\t\t\t\t<\/div>\n\t\t\t\t<\/div>\n\t\t","protected":false},"excerpt":{"rendered":"<p>Commercial renovation Mount Royal Experts in commercial adaptation and renovation in Mont-Royal, Groupe Cartier is the company you need to renovate, redesign, or modernize your premises or business. Our company is the general contractor you need to bring your commercial ideas and ambitions to life. We will listen to you and adapt to ensure that [&hellip;]<\/p>\n","protected":false},"author":2,"featured_media":0,"parent":0,"menu_order":0,"comment_status":"open","ping_status":"open","template":"elementor_header_footer","meta":{"_acf_changed":false,"footnotes":""},"class_list":["post-2327","page","type-page","status-publish","hentry"],"acf":[],"_links":{"self":[{"href":"https:\/\/grpcartier.com\/en\/wp-json\/wp\/v2\/pages\/2327","targetHints":{"allow":["GET"]}}],"collection":[{"href":"https:\/\/grpcartier.com\/en\/wp-json\/wp\/v2\/pages"}],"about":[{"href":"https:\/\/grpcartier.com\/en\/wp-json\/wp\/v2\/types\/page"}],"author":[{"embeddable":true,"href":"https:\/\/grpcartier.com\/en\/wp-json\/wp\/v2\/users\/2"}],"replies":[{"embeddable":true,"href":"https:\/\/grpcartier.com\/en\/wp-json\/wp\/v2\/comments?post=2327"}],"version-history":[{"count":8,"href":"https:\/\/grpcartier.com\/en\/wp-json\/wp\/v2\/pages\/2327\/revisions"}],"predecessor-version":[{"id":5828,"href":"https:\/\/grpcartier.com\/en\/wp-json\/wp\/v2\/pages\/2327\/revisions\/5828"}],"wp:attachment":[{"href":"https:\/\/grpcartier.com\/en\/wp-json\/wp\/v2\/media?parent=2327"}],"curies":[{"name":"wp","href":"https:\/\/api.w.org\/{rel}","templated":true}]}}