{"id":2324,"date":"2025-11-02T18:25:50","date_gmt":"2025-11-02T23:25:50","guid":{"rendered":"https:\/\/www.grpcartier.com\/k\/commercial-renovation-villeray.html"},"modified":"2026-03-30T14:04:14","modified_gmt":"2026-03-30T18:04:14","slug":"commercial-renovation-villeray","status":"publish","type":"page","link":"https:\/\/grpcartier.com\/en\/commercial-renovation-villeray\/","title":{"rendered":"Commercial renovation in Villeray"},"content":{"rendered":"\t\t<div data-elementor-type=\"wp-page\" data-elementor-id=\"2324\" class=\"elementor elementor-2324 elementor-2226\" data-elementor-post-type=\"page\">\n\t\t\t\t<div class=\"elementor-element elementor-element-7da012dc e-flex e-con-boxed e-con e-parent\" data-id=\"7da012dc\" data-element_type=\"container\" data-e-type=\"container\" data-settings=\"{&quot;background_background&quot;:&quot;classic&quot;}\">\n\t\t\t\t\t<div class=\"e-con-inner\">\n\t\t<div class=\"elementor-element elementor-element-1618d9a4 e-con-full e-flex e-con e-child\" data-id=\"1618d9a4\" data-element_type=\"container\" data-e-type=\"container\">\n\t\t\t\t<div class=\"elementor-element elementor-element-27ede361 elementor-invisible elementor-widget elementor-widget-heading\" data-id=\"27ede361\" data-element_type=\"widget\" data-e-type=\"widget\" data-settings=\"{&quot;_animation&quot;:&quot;fadeInLeft&quot;}\" data-widget_type=\"heading.default\">\n\t\t\t\t\t<h1 class=\"elementor-heading-title elementor-size-default\">Commercial renovation in Villeray<\/h1>\t\t\t\t<\/div>\n\t\t\t\t<\/div>\n\t\t<div class=\"elementor-element elementor-element-26917c15 e-con-full e-flex e-con e-child\" data-id=\"26917c15\" data-element_type=\"container\" data-e-type=\"container\">\n\t\t\t\t<\/div>\n\t\t\t\t\t<\/div>\n\t\t\t\t<\/div>\n\t\t<div class=\"elementor-element elementor-element-444f775b e-flex e-con-boxed e-con e-parent\" data-id=\"444f775b\" data-element_type=\"container\" data-e-type=\"container\">\n\t\t\t\t\t<div class=\"e-con-inner\">\n\t\t<div class=\"elementor-element elementor-element-247b0d56 e-con-full e-flex e-con e-child\" data-id=\"247b0d56\" data-element_type=\"container\" data-e-type=\"container\" data-settings=\"{&quot;background_background&quot;:&quot;classic&quot;}\">\n\t\t\t\t<div class=\"elementor-element elementor-element-c31575c elementor-widget elementor-widget-image\" data-id=\"c31575c\" data-element_type=\"widget\" data-e-type=\"widget\" data-widget_type=\"image.default\">\n\t\t\t\t\t\t\t\t\t\t\t\t\t\t\t<img fetchpriority=\"high\" decoding=\"async\" width=\"682\" height=\"1024\" src=\"https:\/\/grpcartier.com\/wp-content\/uploads\/2025\/10\/ROSA_Lanctot_007-682x1024.jpg\" class=\"attachment-large size-large wp-image-2877\" alt=\"\" srcset=\"https:\/\/grpcartier.com\/wp-content\/uploads\/2025\/10\/ROSA_Lanctot_007-682x1024.jpg 682w, https:\/\/grpcartier.com\/wp-content\/uploads\/2025\/10\/ROSA_Lanctot_007-200x300.jpg 200w, https:\/\/grpcartier.com\/wp-content\/uploads\/2025\/10\/ROSA_Lanctot_007-768x1152.jpg 768w, https:\/\/grpcartier.com\/wp-content\/uploads\/2025\/10\/ROSA_Lanctot_007-1024x1536.jpg 1024w, https:\/\/grpcartier.com\/wp-content\/uploads\/2025\/10\/ROSA_Lanctot_007.jpg 1333w\" sizes=\"(max-width: 682px) 100vw, 682px\" \/>\t\t\t\t\t\t\t\t\t\t\t\t\t\t\t<\/div>\n\t\t\t\t<\/div>\n\t\t<div class=\"elementor-element elementor-element-3816b99d e-con-full e-flex e-con e-child\" data-id=\"3816b99d\" data-element_type=\"container\" data-e-type=\"container\">\n\t\t\t\t<div class=\"elementor-element elementor-element-2387f822 elementor-widget elementor-widget-text-editor\" data-id=\"2387f822\" data-element_type=\"widget\" data-e-type=\"widget\" data-widget_type=\"text-editor.default\">\n\t\t\t\t\t\t\t\t\t<p>Groupe Cartier&#8217;s commercial renovation projects offer customized, high-end services in Villeray and the surrounding area. We offer our clients turnkey, customized services and place great importance on delivering on our commitments and meeting established deadlines and budgets.<\/p><p>As a commercial general contractor, we have the qualifications, experience, workforce, and equipment to take care of your commercial renovation in Villeray, Montreal. Whether it&#8217;s for your small business, factory, offices, large restaurant, or boutique, you can trust Groupe Cartier to bring your commercial renovation project in Villeray to life.<\/p><p>We have been carrying out this type of project for over 20 years throughout Montreal, and you can be sure that we will be attentive to your needs during every stage of the process and the work.<\/p><p>Contact one of our commercial renovation professionals in Villeray today. Your request will be handled promptly so that we can schedule a meeting to learn about your expectations, goals, aspirations, and business philosophy.<\/p>\t\t\t\t\t\t\t\t<\/div>\n\t\t<div class=\"elementor-element elementor-element-1f39bb4f e-con-full e-flex e-con e-child\" data-id=\"1f39bb4f\" data-element_type=\"container\" data-e-type=\"container\">\n\t\t\t\t<div class=\"elementor-element elementor-element-3b2aae18 elementor-widget elementor-widget-button\" data-id=\"3b2aae18\" data-element_type=\"widget\" data-e-type=\"widget\" data-widget_type=\"button.default\">\n\t\t\t\t\t\t\t\t\t\t<a class=\"elementor-button elementor-button-link elementor-size-sm\" href=\"https:\/\/grpcartier.com\/en\/about-us\/\">\n\t\t\t\t\t\t<span class=\"elementor-button-content-wrapper\">\n\t\t\t\t\t\t\t\t\t<span class=\"elementor-button-text\">Discover Groupe Cartier<\/span>\n\t\t\t\t\t<\/span>\n\t\t\t\t\t<\/a>\n\t\t\t\t\t\t\t\t<\/div>\n\t\t\t\t<div class=\"elementor-element elementor-element-4a9c7168 elementor-widget elementor-widget-button\" data-id=\"4a9c7168\" data-element_type=\"widget\" data-e-type=\"widget\" data-widget_type=\"button.default\">\n\t\t\t\t\t\t\t\t\t\t<a class=\"elementor-button elementor-button-link elementor-size-sm\" href=\"https:\/\/grpcartier.com\/en\/contact-us\/\">\n\t\t\t\t\t\t<span class=\"elementor-button-content-wrapper\">\n\t\t\t\t\t\t\t\t\t<span class=\"elementor-button-text\">Contact us<\/span>\n\t\t\t\t\t<\/span>\n\t\t\t\t\t<\/a>\n\t\t\t\t\t\t\t\t<\/div>\n\t\t\t\t<\/div>\n\t\t\t\t<\/div>\n\t\t\t\t\t<\/div>\n\t\t\t\t<\/div>\n\t\t<div class=\"elementor-element elementor-element-67fe2061 e-flex e-con-boxed e-con e-parent\" data-id=\"67fe2061\" data-element_type=\"container\" data-e-type=\"container\">\n\t\t\t\t\t<div class=\"e-con-inner\">\n\t\t<div class=\"elementor-element elementor-element-7b8e91f1 e-con-full e-flex e-con e-child\" data-id=\"7b8e91f1\" data-element_type=\"container\" data-e-type=\"container\">\n\t\t\t\t<div class=\"elementor-element elementor-element-34b8d31c elementor-widget elementor-widget-text-editor\" data-id=\"34b8d31c\" data-element_type=\"widget\" data-e-type=\"widget\" data-widget_type=\"text-editor.default\">\n\t\t\t\t\t\t\t\t\t<p>See also:<br><a href=\"https:\/\/grpcartier.com\/ajout-etage-duplex-montreal\/\">Adding a floor<\/a>, <a href=\"https:\/\/grpcartier.com\/en\/interior-design\/\">Interior designer<\/a>, <a href=\"https:\/\/grpcartier.com\/en\/interior-design-montreal\/\">Interior design in Montreal<\/a>, <a href=\"https:\/\/grpcartier.com\/armoires-de-cuisine-montreal\/\">Kitchen cabinets in Montreal: creation or renovation by Groupe Cartier<\/a>, <a class=\"row-title\" href=\"https:\/\/grpcartier.com\/wp-admin\/post.php?post=2188&amp;action=edit&amp;lang=fr\" aria-label=\"\u00ab La r\u00e9novation d\u2019armoires de cuisine \u00e0 Montr\u00e9al: les questions \u00e0 vous poser. \u00bb (Modifier)\">Kitchen cabinet renovation in Montreal: questions to ask yourself<\/a>, <a href=\"https:\/\/grpcartier.com\/cout-renovation-duplex\/\">Cost of renovating a duplex<\/a>, <a href=\"https:\/\/grpcartier.com\/en\/custom-made-kitchen-montreal\/\">Custom kitchen in Montreal<\/a>, <a href=\"https:\/\/grpcartier.com\/cuisiniste-montreal\/\">Montreal kitchen designer<\/a>, <a href=\"https:\/\/grpcartier.com\/renovation-commerciale\/\">Commercial renovation<\/a>, <a href=\"https:\/\/grpcartier.com\/en\/kitchen-renovation-montreal\/\">Kitchen renovation in Montreal,<\/a> <a href=\"https:\/\/grpcartier.com\/renovation-duplex-et-triplex-montreal\/\">Duplex and triplex renovation in Montreal<\/a> <\/p>\t\t\t\t\t\t\t\t<\/div>\n\t\t\t\t<\/div>\n\t\t<div class=\"elementor-element elementor-element-72f586a1 e-con-full e-flex e-con e-child\" data-id=\"72f586a1\" data-element_type=\"container\" data-e-type=\"container\">\n\t\t\t\t<div class=\"elementor-element elementor-element-290875aa elementor-widget elementor-widget-image\" data-id=\"290875aa\" data-element_type=\"widget\" data-e-type=\"widget\" data-widget_type=\"image.default\">\n\t\t\t\t\t\t\t\t\t\t\t\t\t\t\t<img decoding=\"async\" width=\"800\" height=\"533\" src=\"https:\/\/grpcartier.com\/wp-content\/uploads\/2025\/10\/ROSA_Lanctot_11-1024x682.jpg\" class=\"attachment-large size-large wp-image-2879\" alt=\"salle d&#039;attente avec sofa jaune\" srcset=\"https:\/\/grpcartier.com\/wp-content\/uploads\/2025\/10\/ROSA_Lanctot_11-1024x682.jpg 1024w, https:\/\/grpcartier.com\/wp-content\/uploads\/2025\/10\/ROSA_Lanctot_11-300x200.jpg 300w, https:\/\/grpcartier.com\/wp-content\/uploads\/2025\/10\/ROSA_Lanctot_11-768x512.jpg 768w, https:\/\/grpcartier.com\/wp-content\/uploads\/2025\/10\/ROSA_Lanctot_11-1536x1024.jpg 1536w, https:\/\/grpcartier.com\/wp-content\/uploads\/2025\/10\/ROSA_Lanctot_11.jpg 2000w\" sizes=\"(max-width: 800px) 100vw, 800px\" \/>\t\t\t\t\t\t\t\t\t\t\t\t\t\t\t<\/div>\n\t\t\t\t<\/div>\n\t\t\t\t\t<\/div>\n\t\t\t\t<\/div>\n\t\t<div class=\"elementor-element elementor-element-cac7fbe e-flex e-con-boxed e-con e-parent\" data-id=\"cac7fbe\" data-element_type=\"container\" data-e-type=\"container\">\n\t\t\t\t\t<div class=\"e-con-inner\">\n\t\t\t\t<div class=\"elementor-element elementor-element-03d579f elementor-widget elementor-widget-html\" data-id=\"03d579f\" data-element_type=\"widget\" data-e-type=\"widget\" data-widget_type=\"html.default\">\n\t\t\t\t\t<script type=\"application\/ld+json\">\n{\n  \"@context\": \"https:\/\/schema.org\",\n  \"@type\": \"Service\",\n  \"name\": \"Commercial Renovation in Villeray\",\n  \"serviceType\": \"Commercial renovation and interior construction\",\n  \"url\": \"https:\/\/grpcartier.com\/en\/commercial-renovation-villeray\/\",\n  \"provider\": {\n    \"@type\": \"LocalBusiness\",\n    \"name\": \"Groupe Cartier\",\n    \"url\": \"https:\/\/grpcartier.com\",\n    \"telephone\": \"+15146296029\"\n  },\n  \"areaServed\": { \"@type\": \"City\", \"name\": \"Villeray\" },\n  \"inLanguage\": \"en-CA\"\n}\n<\/script>\t\t\t\t<\/div>\n\t\t\t\t<div class=\"elementor-element elementor-element-48d4389 elementor-widget elementor-widget-html\" data-id=\"48d4389\" data-element_type=\"widget\" data-e-type=\"widget\" data-widget_type=\"html.default\">\n\t\t\t\t\t<script type=\"application\/ld+json\">\n{\n  \"@context\": \"https:\/\/schema.org\",\n  \"@type\": \"BreadcrumbList\",\n  \"itemListElement\": [\n    { \"@type\": \"ListItem\", \"position\": 1, \"name\": \"Home\", \"item\": \"https:\/\/grpcartier.com\/en\/\" },\n    { \"@type\": \"ListItem\", \"position\": 2, \"name\": \"General Contractor\", \"item\": \"https:\/\/grpcartier.com\/en\/general-contractor\/\" },\n    { \"@type\": \"ListItem\", \"position\": 3, \"name\": \"Commercial Renovation in Villeray\", \"item\": \"https:\/\/grpcartier.com\/en\/commercial-renovation-villeray\/\" }\n  ]\n}\n<\/script>\t\t\t\t<\/div>\n\t\t\t\t\t<\/div>\n\t\t\t\t<\/div>\n\t\t\t\t<\/div>\n\t\t","protected":false},"excerpt":{"rendered":"<p>Commercial renovation in Villeray Groupe Cartier&#8217;s commercial renovation projects offer customized, high-end services in Villeray and the surrounding area. We offer our clients turnkey, customized services and place great importance on delivering on our commitments and meeting established deadlines and budgets. As a commercial general contractor, we have the qualifications, experience, workforce, and equipment to [&hellip;]<\/p>\n","protected":false},"author":2,"featured_media":0,"parent":0,"menu_order":0,"comment_status":"open","ping_status":"open","template":"elementor_header_footer","meta":{"_acf_changed":false,"footnotes":""},"class_list":["post-2324","page","type-page","status-publish","hentry"],"acf":[],"_links":{"self":[{"href":"https:\/\/grpcartier.com\/en\/wp-json\/wp\/v2\/pages\/2324","targetHints":{"allow":["GET"]}}],"collection":[{"href":"https:\/\/grpcartier.com\/en\/wp-json\/wp\/v2\/pages"}],"about":[{"href":"https:\/\/grpcartier.com\/en\/wp-json\/wp\/v2\/types\/page"}],"author":[{"embeddable":true,"href":"https:\/\/grpcartier.com\/en\/wp-json\/wp\/v2\/users\/2"}],"replies":[{"embeddable":true,"href":"https:\/\/grpcartier.com\/en\/wp-json\/wp\/v2\/comments?post=2324"}],"version-history":[{"count":8,"href":"https:\/\/grpcartier.com\/en\/wp-json\/wp\/v2\/pages\/2324\/revisions"}],"predecessor-version":[{"id":5822,"href":"https:\/\/grpcartier.com\/en\/wp-json\/wp\/v2\/pages\/2324\/revisions\/5822"}],"wp:attachment":[{"href":"https:\/\/grpcartier.com\/en\/wp-json\/wp\/v2\/media?parent=2324"}],"curies":[{"name":"wp","href":"https:\/\/api.w.org\/{rel}","templated":true}]}}