{"id":2314,"date":"2025-11-02T18:26:53","date_gmt":"2025-11-02T23:26:53","guid":{"rendered":"https:\/\/www.grpcartier.com\/k\/interior-designer-ahuntsic.html"},"modified":"2026-03-30T14:19:58","modified_gmt":"2026-03-30T18:19:58","slug":"interior-designer-ahuntsic","status":"publish","type":"page","link":"https:\/\/grpcartier.com\/en\/interior-designer-ahuntsic\/","title":{"rendered":"Interior designer Ahuntsic"},"content":{"rendered":"\t\t<div data-elementor-type=\"wp-page\" data-elementor-id=\"2314\" class=\"elementor elementor-2314 elementor-2242\" data-elementor-post-type=\"page\">\n\t\t\t\t<div class=\"elementor-element elementor-element-309afd3a e-flex e-con-boxed e-con e-parent\" data-id=\"309afd3a\" data-element_type=\"container\" data-e-type=\"container\" data-settings=\"{&quot;background_background&quot;:&quot;classic&quot;}\">\n\t\t\t\t\t<div class=\"e-con-inner\">\n\t\t<div class=\"elementor-element elementor-element-1ce2c004 e-con-full e-flex e-con e-child\" data-id=\"1ce2c004\" data-element_type=\"container\" data-e-type=\"container\">\n\t\t\t\t<div class=\"elementor-element elementor-element-1dd7b593 elementor-invisible elementor-widget elementor-widget-heading\" data-id=\"1dd7b593\" data-element_type=\"widget\" data-e-type=\"widget\" data-settings=\"{&quot;_animation&quot;:&quot;fadeInLeft&quot;}\" data-widget_type=\"heading.default\">\n\t\t\t\t\t<h1 class=\"elementor-heading-title elementor-size-default\">Interior designer Ahuntsic<\/h1>\t\t\t\t<\/div>\n\t\t\t\t<\/div>\n\t\t<div class=\"elementor-element elementor-element-d193fb e-con-full e-flex e-con e-child\" data-id=\"d193fb\" data-element_type=\"container\" data-e-type=\"container\">\n\t\t\t\t<\/div>\n\t\t\t\t\t<\/div>\n\t\t\t\t<\/div>\n\t\t<div class=\"elementor-element elementor-element-50742004 e-flex e-con-boxed e-con e-parent\" data-id=\"50742004\" data-element_type=\"container\" data-e-type=\"container\">\n\t\t\t\t\t<div class=\"e-con-inner\">\n\t\t<div class=\"elementor-element elementor-element-2a8d44e8 e-con-full e-flex e-con e-child\" data-id=\"2a8d44e8\" data-element_type=\"container\" data-e-type=\"container\" data-settings=\"{&quot;background_background&quot;:&quot;classic&quot;}\">\n\t\t\t\t<div class=\"elementor-element elementor-element-5240d497 elementor-widget elementor-widget-image\" data-id=\"5240d497\" data-element_type=\"widget\" data-e-type=\"widget\" data-widget_type=\"image.default\">\n\t\t\t\t\t\t\t\t\t\t\t\t\t\t\t<img fetchpriority=\"high\" decoding=\"async\" width=\"800\" height=\"1000\" src=\"https:\/\/grpcartier.com\/wp-content\/uploads\/2025\/10\/8P3A3904-819x1024.jpg\" class=\"attachment-large size-large wp-image-2969\" alt=\"vestibule d&#039;entr\u00e9e avec garde-robe\" srcset=\"https:\/\/grpcartier.com\/wp-content\/uploads\/2025\/10\/8P3A3904-819x1024.jpg 819w, https:\/\/grpcartier.com\/wp-content\/uploads\/2025\/10\/8P3A3904-240x300.jpg 240w, https:\/\/grpcartier.com\/wp-content\/uploads\/2025\/10\/8P3A3904-768x960.jpg 768w, https:\/\/grpcartier.com\/wp-content\/uploads\/2025\/10\/8P3A3904.jpg 1024w\" sizes=\"(max-width: 800px) 100vw, 800px\" \/>\t\t\t\t\t\t\t\t\t\t\t\t\t\t\t<\/div>\n\t\t\t\t<\/div>\n\t\t<div class=\"elementor-element elementor-element-41afdf16 e-con-full e-flex e-con e-child\" data-id=\"41afdf16\" data-element_type=\"container\" data-e-type=\"container\">\n\t\t\t\t<div class=\"elementor-element elementor-element-30ffc3e1 elementor-widget elementor-widget-text-editor\" data-id=\"30ffc3e1\" data-element_type=\"widget\" data-e-type=\"widget\" data-widget_type=\"text-editor.default\">\n\t\t\t\t\t\t\t\t\t<p>Groupe Cartier is a company specializing in residential renovation in Montreal and offers its interior design services in Ahuntsic and the surrounding area.<\/p><p>We carry out your project from start to finish, from planning to completion. During an initial meeting, we will discuss the elements you want to change or keep, the elements that inspire you, and your budget. Our team of interior designers in Ahuntsic will then be able to propose an ideal interior design concept that perfectly meets your expectations and provide you with an estimate and all the project plans (layout, demolition, construction, electrical work, etc.).<\/p><p>We want nothing more than to satisfy you in creating your dream interior, so you will have the opportunity to adjust the details of the project with our interior designer based in Ahuntsic until you are completely satisfied and at ease on the eve of the start of construction.<\/p>\t\t\t\t\t\t\t\t<\/div>\n\t\t<div class=\"elementor-element elementor-element-7d7d36ec e-con-full e-flex e-con e-child\" data-id=\"7d7d36ec\" data-element_type=\"container\" data-e-type=\"container\">\n\t\t\t\t<div class=\"elementor-element elementor-element-7a122093 elementor-widget elementor-widget-button\" data-id=\"7a122093\" data-element_type=\"widget\" data-e-type=\"widget\" data-widget_type=\"button.default\">\n\t\t\t\t\t\t\t\t\t\t<a class=\"elementor-button elementor-button-link elementor-size-sm\" href=\"https:\/\/grpcartier.com\/en\/about-us\/\">\n\t\t\t\t\t\t<span class=\"elementor-button-content-wrapper\">\n\t\t\t\t\t\t\t\t\t<span class=\"elementor-button-text\">Discover Groupe Cartier<\/span>\n\t\t\t\t\t<\/span>\n\t\t\t\t\t<\/a>\n\t\t\t\t\t\t\t\t<\/div>\n\t\t\t\t<div class=\"elementor-element elementor-element-230a80c3 elementor-widget elementor-widget-button\" data-id=\"230a80c3\" data-element_type=\"widget\" data-e-type=\"widget\" data-widget_type=\"button.default\">\n\t\t\t\t\t\t\t\t\t\t<a class=\"elementor-button elementor-button-link elementor-size-sm\" href=\"https:\/\/grpcartier.com\/en\/contact-us\/\">\n\t\t\t\t\t\t<span class=\"elementor-button-content-wrapper\">\n\t\t\t\t\t\t\t\t\t<span class=\"elementor-button-text\">Contact us<\/span>\n\t\t\t\t\t<\/span>\n\t\t\t\t\t<\/a>\n\t\t\t\t\t\t\t\t<\/div>\n\t\t\t\t<\/div>\n\t\t\t\t<\/div>\n\t\t\t\t\t<\/div>\n\t\t\t\t<\/div>\n\t\t<div class=\"elementor-element elementor-element-69d3a020 e-flex e-con-boxed e-con e-parent\" data-id=\"69d3a020\" data-element_type=\"container\" data-e-type=\"container\">\n\t\t\t\t\t<div class=\"e-con-inner\">\n\t\t<div class=\"elementor-element elementor-element-71998e29 e-con-full e-flex e-con e-child\" data-id=\"71998e29\" data-element_type=\"container\" data-e-type=\"container\">\n\t\t\t\t<div class=\"elementor-element elementor-element-242a8c6b elementor-widget elementor-widget-text-editor\" data-id=\"242a8c6b\" data-element_type=\"widget\" data-e-type=\"widget\" data-widget_type=\"text-editor.default\">\n\t\t\t\t\t\t\t\t\t<p>See also:<br><a href=\"https:\/\/grpcartier.com\/ajout-etage-duplex-montreal\/\">Adding a floor<\/a>, <a href=\"https:\/\/grpcartier.com\/en\/interior-design\/\">Interior designer<\/a>, <a href=\"https:\/\/grpcartier.com\/en\/interior-design-montreal\/\">Interior design in Montreal<\/a>, <a href=\"https:\/\/grpcartier.com\/armoires-de-cuisine-montreal\/\">Kitchen cabinets in Montreal: creation or renovation by Groupe Cartier<\/a>, <a class=\"row-title\" href=\"https:\/\/grpcartier.com\/wp-admin\/post.php?post=2188&amp;action=edit&amp;lang=fr\" aria-label=\"\u00ab La r\u00e9novation d\u2019armoires de cuisine \u00e0 Montr\u00e9al: les questions \u00e0 vous poser. \u00bb (Modifier)\">Kitchen cabinet renovation in Montreal: questions to ask yourself<\/a>, <a href=\"https:\/\/grpcartier.com\/cout-renovation-duplex\/\">Cost of renovating a duplex<\/a>, <a href=\"https:\/\/grpcartier.com\/en\/custom-made-kitchen-montreal\/\">Custom kitchen in Montreal<\/a>, <a href=\"https:\/\/grpcartier.com\/cuisiniste-montreal\/\">Montreal kitchen designer<\/a>, <a href=\"https:\/\/grpcartier.com\/renovation-commerciale\/\">Commercial renovation<\/a>, <a href=\"https:\/\/grpcartier.com\/en\/kitchen-renovation-montreal\/\">Kitchen renovation in Montreal,<\/a> <a href=\"https:\/\/grpcartier.com\/renovation-duplex-et-triplex-montreal\/\">Duplex and triplex renovation in Montreal<\/a> <\/p>\t\t\t\t\t\t\t\t<\/div>\n\t\t\t\t<\/div>\n\t\t<div class=\"elementor-element elementor-element-33c64160 e-con-full e-flex e-con e-child\" data-id=\"33c64160\" data-element_type=\"container\" data-e-type=\"container\">\n\t\t\t\t<div class=\"elementor-element elementor-element-65b7a1ac elementor-widget elementor-widget-image\" data-id=\"65b7a1ac\" data-element_type=\"widget\" data-e-type=\"widget\" data-widget_type=\"image.default\">\n\t\t\t\t\t\t\t\t\t\t\t\t\t\t\t<img decoding=\"async\" width=\"800\" height=\"534\" src=\"https:\/\/grpcartier.com\/wp-content\/uploads\/2025\/10\/8P3A6487.jpg\" class=\"attachment-large size-large wp-image-3008\" alt=\"\" srcset=\"https:\/\/grpcartier.com\/wp-content\/uploads\/2025\/10\/8P3A6487.jpg 1024w, https:\/\/grpcartier.com\/wp-content\/uploads\/2025\/10\/8P3A6487-300x200.jpg 300w, https:\/\/grpcartier.com\/wp-content\/uploads\/2025\/10\/8P3A6487-768x512.jpg 768w\" sizes=\"(max-width: 800px) 100vw, 800px\" \/>\t\t\t\t\t\t\t\t\t\t\t\t\t\t\t<\/div>\n\t\t\t\t<\/div>\n\t\t\t\t\t<\/div>\n\t\t\t\t<\/div>\n\t\t<div class=\"elementor-element elementor-element-fe37a8e e-flex e-con-boxed e-con e-parent\" data-id=\"fe37a8e\" data-element_type=\"container\" data-e-type=\"container\">\n\t\t\t\t\t<div class=\"e-con-inner\">\n\t\t\t\t<div class=\"elementor-element elementor-element-ff2e68f elementor-widget elementor-widget-html\" data-id=\"ff2e68f\" data-element_type=\"widget\" data-e-type=\"widget\" data-widget_type=\"html.default\">\n\t\t\t\t\t<script type=\"application\/ld+json\">\n{\n  \"@context\": \"https:\/\/schema.org\",\n  \"@type\": \"Service\",\n  \"name\": \"Interior Designer in Ahuntsic\",\n  \"serviceType\": \"Residential and commercial interior design\",\n  \"url\": \"https:\/\/grpcartier.com\/en\/interior-designer-ahuntsic\/\",\n  \"provider\": {\n    \"@type\": \"LocalBusiness\",\n    \"name\": \"Groupe Cartier\",\n    \"url\": \"https:\/\/grpcartier.com\",\n    \"telephone\": \"+15146296029\"\n  },\n  \"areaServed\": { \"@type\": \"City\", \"name\": \"Ahuntsic\" },\n  \"inLanguage\": \"en-CA\"\n}\n<\/script>\t\t\t\t<\/div>\n\t\t\t\t<div class=\"elementor-element elementor-element-78d55a7 elementor-widget elementor-widget-html\" data-id=\"78d55a7\" data-element_type=\"widget\" data-e-type=\"widget\" data-widget_type=\"html.default\">\n\t\t\t\t\t<script type=\"application\/ld+json\">\n{\n  \"@context\": \"https:\/\/schema.org\",\n  \"@type\": \"BreadcrumbList\",\n  \"itemListElement\": [\n    { \"@type\": \"ListItem\", \"position\": 1, \"name\": \"Home\", \"item\": \"https:\/\/grpcartier.com\/en\/\" },\n    { \"@type\": \"ListItem\", \"position\": 2, \"name\": \"Interior Design\", \"item\": \"https:\/\/grpcartier.com\/en\/interior-design\/\" },\n    { \"@type\": \"ListItem\", \"position\": 3, \"name\": \"Interior Designer in Ahuntsic\", \"item\": \"https:\/\/grpcartier.com\/en\/interior-designer-ahuntsic\/\" }\n  ]\n}\n<\/script>\t\t\t\t<\/div>\n\t\t\t\t\t<\/div>\n\t\t\t\t<\/div>\n\t\t\t\t<\/div>\n\t\t","protected":false},"excerpt":{"rendered":"<p>Interior designer Ahuntsic Groupe Cartier is a company specializing in residential renovation in Montreal and offers its interior design services in Ahuntsic and the surrounding area. We carry out your project from start to finish, from planning to completion. During an initial meeting, we will discuss the elements you want to change or keep, the [&hellip;]<\/p>\n","protected":false},"author":2,"featured_media":0,"parent":0,"menu_order":0,"comment_status":"open","ping_status":"open","template":"elementor_header_footer","meta":{"_acf_changed":false,"footnotes":""},"class_list":["post-2314","page","type-page","status-publish","hentry"],"acf":[],"_links":{"self":[{"href":"https:\/\/grpcartier.com\/en\/wp-json\/wp\/v2\/pages\/2314","targetHints":{"allow":["GET"]}}],"collection":[{"href":"https:\/\/grpcartier.com\/en\/wp-json\/wp\/v2\/pages"}],"about":[{"href":"https:\/\/grpcartier.com\/en\/wp-json\/wp\/v2\/types\/page"}],"author":[{"embeddable":true,"href":"https:\/\/grpcartier.com\/en\/wp-json\/wp\/v2\/users\/2"}],"replies":[{"embeddable":true,"href":"https:\/\/grpcartier.com\/en\/wp-json\/wp\/v2\/comments?post=2314"}],"version-history":[{"count":8,"href":"https:\/\/grpcartier.com\/en\/wp-json\/wp\/v2\/pages\/2314\/revisions"}],"predecessor-version":[{"id":5876,"href":"https:\/\/grpcartier.com\/en\/wp-json\/wp\/v2\/pages\/2314\/revisions\/5876"}],"wp:attachment":[{"href":"https:\/\/grpcartier.com\/en\/wp-json\/wp\/v2\/media?parent=2314"}],"curies":[{"name":"wp","href":"https:\/\/api.w.org\/{rel}","templated":true}]}}