{"id":2309,"date":"2025-11-02T18:25:48","date_gmt":"2025-11-02T23:25:48","guid":{"rendered":"https:\/\/www.grpcartier.com\/k\/custom-made-kitchen-mont-royal.html"},"modified":"2026-03-30T14:31:47","modified_gmt":"2026-03-30T18:31:47","slug":"custom-made-kitchen-mont-royal","status":"publish","type":"page","link":"https:\/\/grpcartier.com\/en\/custom-made-kitchen-mont-royal\/","title":{"rendered":"Mont-royal custom kitchen"},"content":{"rendered":"\t\t<div data-elementor-type=\"wp-page\" data-elementor-id=\"2309\" class=\"elementor elementor-2309 elementor-2225\" data-elementor-post-type=\"page\">\n\t\t\t\t<div class=\"elementor-element elementor-element-453650b8 e-flex e-con-boxed e-con e-parent\" data-id=\"453650b8\" data-element_type=\"container\" data-e-type=\"container\" data-settings=\"{&quot;background_background&quot;:&quot;classic&quot;}\">\n\t\t\t\t\t<div class=\"e-con-inner\">\n\t\t<div class=\"elementor-element elementor-element-39ea0c6d e-con-full e-flex e-con e-child\" data-id=\"39ea0c6d\" data-element_type=\"container\" data-e-type=\"container\">\n\t\t\t\t<div class=\"elementor-element elementor-element-1fc4d82e elementor-invisible elementor-widget elementor-widget-heading\" data-id=\"1fc4d82e\" data-element_type=\"widget\" data-e-type=\"widget\" data-settings=\"{&quot;_animation&quot;:&quot;fadeInLeft&quot;}\" data-widget_type=\"heading.default\">\n\t\t\t\t\t<h1 class=\"elementor-heading-title elementor-size-default\">Mont-royal custom kitchen<\/h1>\t\t\t\t<\/div>\n\t\t\t\t<\/div>\n\t\t<div class=\"elementor-element elementor-element-1dffbff3 e-con-full e-flex e-con e-child\" data-id=\"1dffbff3\" data-element_type=\"container\" data-e-type=\"container\">\n\t\t\t\t<\/div>\n\t\t\t\t\t<\/div>\n\t\t\t\t<\/div>\n\t\t<div class=\"elementor-element elementor-element-57d03a3c e-flex e-con-boxed e-con e-parent\" data-id=\"57d03a3c\" data-element_type=\"container\" data-e-type=\"container\">\n\t\t\t\t\t<div class=\"e-con-inner\">\n\t\t<div class=\"elementor-element elementor-element-74369ec2 e-con-full e-flex e-con e-child\" data-id=\"74369ec2\" data-element_type=\"container\" data-e-type=\"container\" data-settings=\"{&quot;background_background&quot;:&quot;classic&quot;}\">\n\t\t\t\t<div class=\"elementor-element elementor-element-27b77651 elementor-widget elementor-widget-image\" data-id=\"27b77651\" data-element_type=\"widget\" data-e-type=\"widget\" data-widget_type=\"image.default\">\n\t\t\t\t\t\t\t\t\t\t\t\t\t\t\t<img fetchpriority=\"high\" decoding=\"async\" width=\"683\" height=\"1024\" src=\"https:\/\/grpcartier.com\/wp-content\/uploads\/2025\/10\/IMG_3015-683x1024.jpg\" class=\"attachment-large size-large wp-image-3195\" alt=\"bol avec des citrons\" srcset=\"https:\/\/grpcartier.com\/wp-content\/uploads\/2025\/10\/IMG_3015-683x1024.jpg 683w, https:\/\/grpcartier.com\/wp-content\/uploads\/2025\/10\/IMG_3015-200x300.jpg 200w, https:\/\/grpcartier.com\/wp-content\/uploads\/2025\/10\/IMG_3015-768x1152.jpg 768w, https:\/\/grpcartier.com\/wp-content\/uploads\/2025\/10\/IMG_3015.jpg 1024w\" sizes=\"(max-width: 683px) 100vw, 683px\" \/>\t\t\t\t\t\t\t\t\t\t\t\t\t\t\t<\/div>\n\t\t\t\t<\/div>\n\t\t<div class=\"elementor-element elementor-element-2da5f90c e-con-full e-flex e-con e-child\" data-id=\"2da5f90c\" data-element_type=\"container\" data-e-type=\"container\">\n\t\t\t\t<div class=\"elementor-element elementor-element-c3235c9 elementor-widget elementor-widget-text-editor\" data-id=\"c3235c9\" data-element_type=\"widget\" data-e-type=\"widget\" data-widget_type=\"text-editor.default\">\n\t\t\t\t\t\t\t\t\t<p>Would you like to build or renovate your kitchen using modern and innovative materials? Entrust your project to Groupe Cartier, a company specializing in the design and construction of custom kitchens in Mont-Royal and the surrounding areas.<\/p><p>Our experts in custom kitchen design in Mont-Royal have all the expertise needed to give you the kitchen and interior you&#8217;ve been dreaming of. We think through every detail, and every detail will be taken care of. Our mission at every stage of designing your custom kitchen is to unlock the potential of your space, where aesthetics and functionality will be implemented in perfect harmony.<\/p><p>The initial step will be to understand your expectations and gain a clear picture of your structure and budget. We will use all the latest renovation technologies and trends to create a stimulating and attractive customized environment.<\/p><p>Groupe Cartier will be delighted to welcome you to its showroom in Montreal, where one of our custom kitchen professionals in Mont-Royal will greet you and put all of their expertise at your service. Learn more about the services offered by our interior designers specializing in kitchen design. A kitchen designer will contact you as soon as possible to schedule an initial appointment.<\/p>\t\t\t\t\t\t\t\t<\/div>\n\t\t<div class=\"elementor-element elementor-element-407272f e-con-full e-flex e-con e-child\" data-id=\"407272f\" data-element_type=\"container\" data-e-type=\"container\">\n\t\t\t\t<div class=\"elementor-element elementor-element-74a93018 elementor-widget elementor-widget-button\" data-id=\"74a93018\" data-element_type=\"widget\" data-e-type=\"widget\" data-widget_type=\"button.default\">\n\t\t\t\t\t\t\t\t\t\t<a class=\"elementor-button elementor-button-link elementor-size-sm\" href=\"https:\/\/grpcartier.com\/en\/about-us\/\">\n\t\t\t\t\t\t<span class=\"elementor-button-content-wrapper\">\n\t\t\t\t\t\t\t\t\t<span class=\"elementor-button-text\">Discover Groupe Cartier<\/span>\n\t\t\t\t\t<\/span>\n\t\t\t\t\t<\/a>\n\t\t\t\t\t\t\t\t<\/div>\n\t\t\t\t<div class=\"elementor-element elementor-element-c8e1402 elementor-widget elementor-widget-button\" data-id=\"c8e1402\" data-element_type=\"widget\" data-e-type=\"widget\" data-widget_type=\"button.default\">\n\t\t\t\t\t\t\t\t\t\t<a class=\"elementor-button elementor-button-link elementor-size-sm\" href=\"https:\/\/grpcartier.com\/en\/contact-us\/\">\n\t\t\t\t\t\t<span class=\"elementor-button-content-wrapper\">\n\t\t\t\t\t\t\t\t\t<span class=\"elementor-button-text\">Contact us<\/span>\n\t\t\t\t\t<\/span>\n\t\t\t\t\t<\/a>\n\t\t\t\t\t\t\t\t<\/div>\n\t\t\t\t<\/div>\n\t\t\t\t<\/div>\n\t\t\t\t\t<\/div>\n\t\t\t\t<\/div>\n\t\t<div class=\"elementor-element elementor-element-7ff8fe01 e-flex e-con-boxed e-con e-parent\" data-id=\"7ff8fe01\" data-element_type=\"container\" data-e-type=\"container\">\n\t\t\t\t\t<div class=\"e-con-inner\">\n\t\t<div class=\"elementor-element elementor-element-6e22edde e-con-full e-flex e-con e-child\" data-id=\"6e22edde\" data-element_type=\"container\" data-e-type=\"container\">\n\t\t\t\t<div class=\"elementor-element elementor-element-6d779c86 elementor-widget elementor-widget-text-editor\" data-id=\"6d779c86\" data-element_type=\"widget\" data-e-type=\"widget\" data-widget_type=\"text-editor.default\">\n\t\t\t\t\t\t\t\t\t<p>See also:<br><a href=\"https:\/\/grpcartier.com\/ajout-etage-duplex-montreal\/\">Adding a floor<\/a>, <a href=\"https:\/\/grpcartier.com\/en\/interior-design\/\">Interior designer<\/a>, <a href=\"https:\/\/grpcartier.com\/en\/interior-design-montreal\/\">Interior design in Montreal<\/a>, <a href=\"https:\/\/grpcartier.com\/armoires-de-cuisine-montreal\/\">Kitchen cabinets in Montreal: creation or renovation by Groupe Cartier<\/a>, <a class=\"row-title\" href=\"https:\/\/grpcartier.com\/wp-admin\/post.php?post=2188&amp;action=edit&amp;lang=fr\" aria-label=\"\u00ab La r\u00e9novation d\u2019armoires de cuisine \u00e0 Montr\u00e9al: les questions \u00e0 vous poser. \u00bb (Modifier)\">Kitchen cabinet renovation in Montreal: questions to ask yourself<\/a>, <a href=\"https:\/\/grpcartier.com\/cout-renovation-duplex\/\">Cost of renovating a duplex<\/a>, <a href=\"https:\/\/grpcartier.com\/en\/custom-made-kitchen-montreal\/\">Custom kitchen in Montreal<\/a>, <a href=\"https:\/\/grpcartier.com\/cuisiniste-montreal\/\">Montreal kitchen designer<\/a>, <a href=\"https:\/\/grpcartier.com\/renovation-commerciale\/\">Commercial renovation<\/a>, <a href=\"https:\/\/grpcartier.com\/en\/kitchen-renovation-montreal\/\">Kitchen renovation in Montreal,<\/a> <a href=\"https:\/\/grpcartier.com\/renovation-duplex-et-triplex-montreal\/\">Duplex and triplex renovation in Montreal<\/a> <\/p>\t\t\t\t\t\t\t\t<\/div>\n\t\t\t\t<\/div>\n\t\t<div class=\"elementor-element elementor-element-731238d4 e-con-full e-flex e-con e-child\" data-id=\"731238d4\" data-element_type=\"container\" data-e-type=\"container\">\n\t\t\t\t<div class=\"elementor-element elementor-element-64398dc7 elementor-widget elementor-widget-image\" data-id=\"64398dc7\" data-element_type=\"widget\" data-e-type=\"widget\" data-widget_type=\"image.default\">\n\t\t\t\t\t\t\t\t\t\t\t\t\t\t\t<img decoding=\"async\" width=\"800\" height=\"534\" src=\"https:\/\/grpcartier.com\/wp-content\/uploads\/2025\/10\/IMG_2988-HDR-low-1024x683.jpg\" class=\"attachment-large size-large wp-image-3193\" alt=\"\" srcset=\"https:\/\/grpcartier.com\/wp-content\/uploads\/2025\/10\/IMG_2988-HDR-low-1024x683.jpg 1024w, https:\/\/grpcartier.com\/wp-content\/uploads\/2025\/10\/IMG_2988-HDR-low-300x200.jpg 300w, https:\/\/grpcartier.com\/wp-content\/uploads\/2025\/10\/IMG_2988-HDR-low-768x512.jpg 768w, https:\/\/grpcartier.com\/wp-content\/uploads\/2025\/10\/IMG_2988-HDR-low-1536x1024.jpg 1536w, https:\/\/grpcartier.com\/wp-content\/uploads\/2025\/10\/IMG_2988-HDR-low-2048x1365.jpg 2048w\" sizes=\"(max-width: 800px) 100vw, 800px\" \/>\t\t\t\t\t\t\t\t\t\t\t\t\t\t\t<\/div>\n\t\t\t\t<\/div>\n\t\t\t\t\t<\/div>\n\t\t\t\t<\/div>\n\t\t<div class=\"elementor-element elementor-element-6020a6d e-flex e-con-boxed e-con e-parent\" data-id=\"6020a6d\" data-element_type=\"container\" data-e-type=\"container\">\n\t\t\t\t\t<div class=\"e-con-inner\">\n\t\t\t\t<div class=\"elementor-element elementor-element-bdcfdd5 elementor-widget elementor-widget-html\" data-id=\"bdcfdd5\" data-element_type=\"widget\" data-e-type=\"widget\" data-widget_type=\"html.default\">\n\t\t\t\t\t<script type=\"application\/ld+json\">\n{\n  \"@context\": \"https:\/\/schema.org\",\n  \"@type\": \"Service\",\n  \"name\": \"Custom Kitchens in Mont-Royal\",\n  \"serviceType\": \"Custom kitchen design and installation\",\n  \"url\": \"https:\/\/grpcartier.com\/en\/custom-made-kitchen-mont-royal\/\",\n  \"provider\": {\n    \"@type\": \"LocalBusiness\",\n    \"name\": \"Groupe Cartier\",\n    \"url\": \"https:\/\/grpcartier.com\",\n    \"telephone\": \"+15146296029\"\n  },\n  \"areaServed\": { \"@type\": \"City\", \"name\": \"Mont-Royal\" },\n  \"inLanguage\": \"en-CA\"\n}\n<\/script>\t\t\t\t<\/div>\n\t\t\t\t<div class=\"elementor-element elementor-element-2b7b456 elementor-widget elementor-widget-html\" data-id=\"2b7b456\" data-element_type=\"widget\" data-e-type=\"widget\" data-widget_type=\"html.default\">\n\t\t\t\t\t<script type=\"application\/ld+json\">\n{\n  \"@context\": \"https:\/\/schema.org\",\n  \"@type\": \"BreadcrumbList\",\n  \"itemListElement\": [\n    { \"@type\": \"ListItem\", \"position\": 1, \"name\": \"Home\", \"item\": \"https:\/\/grpcartier.com\/en\/\" },\n    { \"@type\": \"ListItem\", \"position\": 2, \"name\": \"Custom Kitchens\", \"item\": \"https:\/\/grpcartier.com\/en\/custom-kitchens\/\" },\n    { \"@type\": \"ListItem\", \"position\": 3, \"name\": \"Custom Kitchens in Mont-Royal\", \"item\": \"https:\/\/grpcartier.com\/en\/custom-made-kitchen-mont-royal\/\" }\n  ]\n}\n<\/script>\t\t\t\t<\/div>\n\t\t\t\t\t<\/div>\n\t\t\t\t<\/div>\n\t\t\t\t<\/div>\n\t\t","protected":false},"excerpt":{"rendered":"<p>Mont-royal custom kitchen Would you like to build or renovate your kitchen using modern and innovative materials? Entrust your project to Groupe Cartier, a company specializing in the design and construction of custom kitchens in Mont-Royal and the surrounding areas. Our experts in custom kitchen design in Mont-Royal have all the expertise needed to give [&hellip;]<\/p>\n","protected":false},"author":2,"featured_media":0,"parent":0,"menu_order":0,"comment_status":"open","ping_status":"open","template":"elementor_header_footer","meta":{"_acf_changed":false,"footnotes":""},"class_list":["post-2309","page","type-page","status-publish","hentry"],"acf":[],"_links":{"self":[{"href":"https:\/\/grpcartier.com\/en\/wp-json\/wp\/v2\/pages\/2309","targetHints":{"allow":["GET"]}}],"collection":[{"href":"https:\/\/grpcartier.com\/en\/wp-json\/wp\/v2\/pages"}],"about":[{"href":"https:\/\/grpcartier.com\/en\/wp-json\/wp\/v2\/types\/page"}],"author":[{"embeddable":true,"href":"https:\/\/grpcartier.com\/en\/wp-json\/wp\/v2\/users\/2"}],"replies":[{"embeddable":true,"href":"https:\/\/grpcartier.com\/en\/wp-json\/wp\/v2\/comments?post=2309"}],"version-history":[{"count":11,"href":"https:\/\/grpcartier.com\/en\/wp-json\/wp\/v2\/pages\/2309\/revisions"}],"predecessor-version":[{"id":5930,"href":"https:\/\/grpcartier.com\/en\/wp-json\/wp\/v2\/pages\/2309\/revisions\/5930"}],"wp:attachment":[{"href":"https:\/\/grpcartier.com\/en\/wp-json\/wp\/v2\/media?parent=2309"}],"curies":[{"name":"wp","href":"https:\/\/api.w.org\/{rel}","templated":true}]}}