{"id":2305,"date":"2025-11-02T18:27:15","date_gmt":"2025-11-02T23:27:15","guid":{"rendered":"https:\/\/www.grpcartier.com\/k\/commercial-renovation-ahuntsic.html"},"modified":"2026-03-30T14:00:33","modified_gmt":"2026-03-30T18:00:33","slug":"commercial-renovation-ahuntsic","status":"publish","type":"page","link":"https:\/\/grpcartier.com\/en\/commercial-renovation-ahuntsic\/","title":{"rendered":"Ahuntsic commercial renovation"},"content":{"rendered":"\t\t<div data-elementor-type=\"wp-page\" data-elementor-id=\"2305\" class=\"elementor elementor-2305 elementor-2251\" data-elementor-post-type=\"page\">\n\t\t\t\t<div class=\"elementor-element elementor-element-3342c1e1 e-flex e-con-boxed e-con e-parent\" data-id=\"3342c1e1\" data-element_type=\"container\" data-e-type=\"container\" data-settings=\"{&quot;background_background&quot;:&quot;classic&quot;}\">\n\t\t\t\t\t<div class=\"e-con-inner\">\n\t\t<div class=\"elementor-element elementor-element-5e0aca43 e-con-full e-flex e-con e-child\" data-id=\"5e0aca43\" data-element_type=\"container\" data-e-type=\"container\">\n\t\t\t\t<div class=\"elementor-element elementor-element-1dc7733f elementor-invisible elementor-widget elementor-widget-heading\" data-id=\"1dc7733f\" data-element_type=\"widget\" data-e-type=\"widget\" data-settings=\"{&quot;_animation&quot;:&quot;fadeInLeft&quot;}\" data-widget_type=\"heading.default\">\n\t\t\t\t\t<h1 class=\"elementor-heading-title elementor-size-default\">Ahuntsic commercial renovation<\/h1>\t\t\t\t<\/div>\n\t\t\t\t<\/div>\n\t\t<div class=\"elementor-element elementor-element-5abe298d e-con-full e-flex e-con e-child\" data-id=\"5abe298d\" data-element_type=\"container\" data-e-type=\"container\">\n\t\t\t\t<\/div>\n\t\t\t\t\t<\/div>\n\t\t\t\t<\/div>\n\t\t<div class=\"elementor-element elementor-element-22e14975 e-flex e-con-boxed e-con e-parent\" data-id=\"22e14975\" data-element_type=\"container\" data-e-type=\"container\">\n\t\t\t\t\t<div class=\"e-con-inner\">\n\t\t<div class=\"elementor-element elementor-element-7a8ebd0c e-con-full e-flex e-con e-child\" data-id=\"7a8ebd0c\" data-element_type=\"container\" data-e-type=\"container\" data-settings=\"{&quot;background_background&quot;:&quot;classic&quot;}\">\n\t\t\t\t<div class=\"elementor-element elementor-element-2fa46ebe elementor-widget elementor-widget-image\" data-id=\"2fa46ebe\" data-element_type=\"widget\" data-e-type=\"widget\" data-widget_type=\"image.default\">\n\t\t\t\t\t\t\t\t\t\t\t\t\t\t\t<img fetchpriority=\"high\" decoding=\"async\" width=\"682\" height=\"1024\" src=\"https:\/\/grpcartier.com\/wp-content\/uploads\/2025\/10\/ROSA_Lanctot_009-682x1024.jpg\" class=\"attachment-large size-large wp-image-2878\" alt=\"salle de r\u00e9union lanctot avocats\" srcset=\"https:\/\/grpcartier.com\/wp-content\/uploads\/2025\/10\/ROSA_Lanctot_009-682x1024.jpg 682w, https:\/\/grpcartier.com\/wp-content\/uploads\/2025\/10\/ROSA_Lanctot_009-200x300.jpg 200w, https:\/\/grpcartier.com\/wp-content\/uploads\/2025\/10\/ROSA_Lanctot_009-768x1152.jpg 768w, https:\/\/grpcartier.com\/wp-content\/uploads\/2025\/10\/ROSA_Lanctot_009-1024x1536.jpg 1024w, https:\/\/grpcartier.com\/wp-content\/uploads\/2025\/10\/ROSA_Lanctot_009.jpg 1333w\" sizes=\"(max-width: 682px) 100vw, 682px\" \/>\t\t\t\t\t\t\t\t\t\t\t\t\t\t\t<\/div>\n\t\t\t\t<\/div>\n\t\t<div class=\"elementor-element elementor-element-1bd7131f e-con-full e-flex e-con e-child\" data-id=\"1bd7131f\" data-element_type=\"container\" data-e-type=\"container\">\n\t\t\t\t<div class=\"elementor-element elementor-element-58cd1297 elementor-widget elementor-widget-text-editor\" data-id=\"58cd1297\" data-element_type=\"widget\" data-e-type=\"widget\" data-widget_type=\"text-editor.default\">\n\t\t\t\t\t\t\t\t\t<p>Groupe Cartier is a company specializing in commercial renovation in Ahuntsic and its surrounding neighbourhoods, as well as construction. Our team is made up of kitchen designers, interior designers, and general contractors. We put our expertise at your service throughout the entire design and construction process to offer you a kitchen renovation that will meet your expectations, the structural constraints of your interior, and your budget.<\/p><p>Commercial renovation in Ahuntsic means taking care of demolition, expansion, various construction projects, layout, lighting, custom cabinet design, and more. Our commercial renovation professionals in Ahuntsic will also work on your electrical, ceramic, siding, plumbing, flooring, and more. We will respect the previously agreed-upon schedule and budget, as well as any technical constraints of your interior or the city&#8217;s renovation standards.<\/p><p>Choosing Groupe Cartier now means you can undertake your commercial renovation in Ahuntsic with complete peace of mind. Please fill out the form below, and one of our kitchen designers will get back to you with the utmost attention.<\/p>\t\t\t\t\t\t\t\t<\/div>\n\t\t<div class=\"elementor-element elementor-element-393c8707 e-con-full e-flex e-con e-child\" data-id=\"393c8707\" data-element_type=\"container\" data-e-type=\"container\">\n\t\t\t\t<div class=\"elementor-element elementor-element-111dac2b elementor-widget elementor-widget-button\" data-id=\"111dac2b\" data-element_type=\"widget\" data-e-type=\"widget\" data-widget_type=\"button.default\">\n\t\t\t\t\t\t\t\t\t\t<a class=\"elementor-button elementor-button-link elementor-size-sm\" href=\"https:\/\/grpcartier.com\/en\/about-us\/\">\n\t\t\t\t\t\t<span class=\"elementor-button-content-wrapper\">\n\t\t\t\t\t\t\t\t\t<span class=\"elementor-button-text\">Discover Groupe Cartier<\/span>\n\t\t\t\t\t<\/span>\n\t\t\t\t\t<\/a>\n\t\t\t\t\t\t\t\t<\/div>\n\t\t\t\t<div class=\"elementor-element elementor-element-270bc8be elementor-widget elementor-widget-button\" data-id=\"270bc8be\" data-element_type=\"widget\" data-e-type=\"widget\" data-widget_type=\"button.default\">\n\t\t\t\t\t\t\t\t\t\t<a class=\"elementor-button elementor-button-link elementor-size-sm\" href=\"https:\/\/grpcartier.com\/en\/contact-us\/\">\n\t\t\t\t\t\t<span class=\"elementor-button-content-wrapper\">\n\t\t\t\t\t\t\t\t\t<span class=\"elementor-button-text\">Contact us<\/span>\n\t\t\t\t\t<\/span>\n\t\t\t\t\t<\/a>\n\t\t\t\t\t\t\t\t<\/div>\n\t\t\t\t<\/div>\n\t\t\t\t<\/div>\n\t\t\t\t\t<\/div>\n\t\t\t\t<\/div>\n\t\t<div class=\"elementor-element elementor-element-7af36db5 e-flex e-con-boxed e-con e-parent\" data-id=\"7af36db5\" data-element_type=\"container\" data-e-type=\"container\">\n\t\t\t\t\t<div class=\"e-con-inner\">\n\t\t<div class=\"elementor-element elementor-element-15eaddb e-con-full e-flex e-con e-child\" data-id=\"15eaddb\" data-element_type=\"container\" data-e-type=\"container\">\n\t\t\t\t<div class=\"elementor-element elementor-element-7f878fb elementor-widget elementor-widget-text-editor\" data-id=\"7f878fb\" data-element_type=\"widget\" data-e-type=\"widget\" data-widget_type=\"text-editor.default\">\n\t\t\t\t\t\t\t\t\t<p>See also:<br><a href=\"https:\/\/grpcartier.com\/ajout-etage-duplex-montreal\/\">Adding a floor<\/a>, <a href=\"https:\/\/grpcartier.com\/en\/interior-design\/\">Interior designer<\/a>, <a href=\"https:\/\/grpcartier.com\/en\/interior-design-montreal\/\">Interior design in Montreal<\/a>, <a href=\"https:\/\/grpcartier.com\/armoires-de-cuisine-montreal\/\">Kitchen cabinets in Montreal: creation or renovation by Groupe Cartier<\/a>, <a class=\"row-title\" href=\"https:\/\/grpcartier.com\/wp-admin\/post.php?post=2188&amp;action=edit&amp;lang=fr\" aria-label=\"\u00ab La r\u00e9novation d\u2019armoires de cuisine \u00e0 Montr\u00e9al: les questions \u00e0 vous poser. \u00bb (Modifier)\">Kitchen cabinet renovation in Montreal: questions to ask yourself<\/a>, <a href=\"https:\/\/grpcartier.com\/cout-renovation-duplex\/\">Cost of renovating a duplex<\/a>, <a href=\"https:\/\/grpcartier.com\/en\/custom-made-kitchen-montreal\/\">Custom kitchen in Montreal<\/a>, <a href=\"https:\/\/grpcartier.com\/cuisiniste-montreal\/\">Montreal kitchen designer<\/a>, <a href=\"https:\/\/grpcartier.com\/renovation-commerciale\/\">Commercial renovation<\/a>, <a href=\"https:\/\/grpcartier.com\/en\/kitchen-renovation-montreal\/\">Kitchen renovation in Montreal,<\/a> <a href=\"https:\/\/grpcartier.com\/renovation-duplex-et-triplex-montreal\/\">Duplex and triplex renovation in Montreal<\/a> <\/p>\t\t\t\t\t\t\t\t<\/div>\n\t\t\t\t<\/div>\n\t\t<div class=\"elementor-element elementor-element-4e0965a3 e-con-full e-flex e-con e-child\" data-id=\"4e0965a3\" data-element_type=\"container\" data-e-type=\"container\">\n\t\t\t\t<div class=\"elementor-element elementor-element-1da19e1a elementor-widget elementor-widget-image\" data-id=\"1da19e1a\" data-element_type=\"widget\" data-e-type=\"widget\" data-widget_type=\"image.default\">\n\t\t\t\t\t\t\t\t\t\t\t\t\t\t\t<img decoding=\"async\" width=\"800\" height=\"533\" src=\"https:\/\/grpcartier.com\/wp-content\/uploads\/2025\/10\/ROSA_Lanctot_17-1024x682.jpg\" class=\"attachment-large size-large wp-image-2880\" alt=\"\" srcset=\"https:\/\/grpcartier.com\/wp-content\/uploads\/2025\/10\/ROSA_Lanctot_17-1024x682.jpg 1024w, https:\/\/grpcartier.com\/wp-content\/uploads\/2025\/10\/ROSA_Lanctot_17-300x200.jpg 300w, https:\/\/grpcartier.com\/wp-content\/uploads\/2025\/10\/ROSA_Lanctot_17-768x512.jpg 768w, https:\/\/grpcartier.com\/wp-content\/uploads\/2025\/10\/ROSA_Lanctot_17-1536x1024.jpg 1536w, https:\/\/grpcartier.com\/wp-content\/uploads\/2025\/10\/ROSA_Lanctot_17.jpg 2000w\" sizes=\"(max-width: 800px) 100vw, 800px\" \/>\t\t\t\t\t\t\t\t\t\t\t\t\t\t\t<\/div>\n\t\t\t\t<\/div>\n\t\t\t\t\t<\/div>\n\t\t\t\t<\/div>\n\t\t<div class=\"elementor-element elementor-element-aaaf9c6 e-flex e-con-boxed e-con e-parent\" data-id=\"aaaf9c6\" data-element_type=\"container\" data-e-type=\"container\">\n\t\t\t\t\t<div class=\"e-con-inner\">\n\t\t\t\t<div class=\"elementor-element elementor-element-333e790 elementor-widget elementor-widget-html\" data-id=\"333e790\" data-element_type=\"widget\" data-e-type=\"widget\" data-widget_type=\"html.default\">\n\t\t\t\t\t<script type=\"application\/ld+json\">\n{\n  \"@context\": \"https:\/\/schema.org\",\n  \"@type\": \"Service\",\n  \"name\": \"Commercial Renovation in Ahuntsic\",\n  \"serviceType\": \"Commercial renovation and interior construction\",\n  \"url\": \"https:\/\/grpcartier.com\/en\/commercial-renovation-ahuntsic\/\",\n  \"provider\": {\n    \"@type\": \"LocalBusiness\",\n    \"name\": \"Groupe Cartier\",\n    \"url\": \"https:\/\/grpcartier.com\",\n    \"telephone\": \"+15146296029\"\n  },\n  \"areaServed\": { \"@type\": \"City\", \"name\": \"Ahuntsic\" },\n  \"inLanguage\": \"en-CA\"\n}\n<\/script>\t\t\t\t<\/div>\n\t\t\t\t<div class=\"elementor-element elementor-element-a5ae855 elementor-widget elementor-widget-html\" data-id=\"a5ae855\" data-element_type=\"widget\" data-e-type=\"widget\" data-widget_type=\"html.default\">\n\t\t\t\t\t<script type=\"application\/ld+json\">\n{\n  \"@context\": \"https:\/\/schema.org\",\n  \"@type\": \"BreadcrumbList\",\n  \"itemListElement\": [\n    { \"@type\": \"ListItem\", \"position\": 1, \"name\": \"Home\", \"item\": \"https:\/\/grpcartier.com\/en\/\" },\n    { \"@type\": \"ListItem\", \"position\": 2, \"name\": \"General Contractor\", \"item\": \"https:\/\/grpcartier.com\/en\/general-contractor\/\" },\n    { \"@type\": \"ListItem\", \"position\": 3, \"name\": \"Commercial Renovation in Ahuntsic\", \"item\": \"https:\/\/grpcartier.com\/en\/commercial-renovation-ahuntsic\/\" }\n  ]\n}\n<\/script>\t\t\t\t<\/div>\n\t\t\t\t\t<\/div>\n\t\t\t\t<\/div>\n\t\t\t\t<\/div>\n\t\t","protected":false},"excerpt":{"rendered":"<p>Ahuntsic commercial renovation Groupe Cartier is a company specializing in commercial renovation in Ahuntsic and its surrounding neighbourhoods, as well as construction. Our team is made up of kitchen designers, interior designers, and general contractors. We put our expertise at your service throughout the entire design and construction process to offer you a kitchen renovation [&hellip;]<\/p>\n","protected":false},"author":2,"featured_media":0,"parent":0,"menu_order":0,"comment_status":"open","ping_status":"open","template":"elementor_header_footer","meta":{"_acf_changed":false,"footnotes":""},"class_list":["post-2305","page","type-page","status-publish","hentry"],"acf":[],"_links":{"self":[{"href":"https:\/\/grpcartier.com\/en\/wp-json\/wp\/v2\/pages\/2305","targetHints":{"allow":["GET"]}}],"collection":[{"href":"https:\/\/grpcartier.com\/en\/wp-json\/wp\/v2\/pages"}],"about":[{"href":"https:\/\/grpcartier.com\/en\/wp-json\/wp\/v2\/types\/page"}],"author":[{"embeddable":true,"href":"https:\/\/grpcartier.com\/en\/wp-json\/wp\/v2\/users\/2"}],"replies":[{"embeddable":true,"href":"https:\/\/grpcartier.com\/en\/wp-json\/wp\/v2\/comments?post=2305"}],"version-history":[{"count":9,"href":"https:\/\/grpcartier.com\/en\/wp-json\/wp\/v2\/pages\/2305\/revisions"}],"predecessor-version":[{"id":5810,"href":"https:\/\/grpcartier.com\/en\/wp-json\/wp\/v2\/pages\/2305\/revisions\/5810"}],"wp:attachment":[{"href":"https:\/\/grpcartier.com\/en\/wp-json\/wp\/v2\/media?parent=2305"}],"curies":[{"name":"wp","href":"https:\/\/api.w.org\/{rel}","templated":true}]}}