{"id":2302,"date":"2025-11-02T18:26:20","date_gmt":"2025-11-02T23:26:20","guid":{"rendered":"https:\/\/www.grpcartier.com\/k\/commercial-renovation-outremont.html"},"modified":"2026-03-30T14:01:08","modified_gmt":"2026-03-30T18:01:08","slug":"commercial-renovation-outremont","status":"publish","type":"page","link":"https:\/\/grpcartier.com\/en\/commercial-renovation-outremont\/","title":{"rendered":"Commercial renovation in Outremont"},"content":{"rendered":"\t\t<div data-elementor-type=\"wp-page\" data-elementor-id=\"2302\" class=\"elementor elementor-2302 elementor-2234\" data-elementor-post-type=\"page\">\n\t\t\t\t<div class=\"elementor-element elementor-element-cd73e9b e-flex e-con-boxed e-con e-parent\" data-id=\"cd73e9b\" data-element_type=\"container\" data-e-type=\"container\" data-settings=\"{&quot;background_background&quot;:&quot;classic&quot;}\">\n\t\t\t\t\t<div class=\"e-con-inner\">\n\t\t<div class=\"elementor-element elementor-element-550d83 e-con-full e-flex e-con e-child\" data-id=\"550d83\" data-element_type=\"container\" data-e-type=\"container\">\n\t\t\t\t<div class=\"elementor-element elementor-element-ade45d1 elementor-invisible elementor-widget elementor-widget-heading\" data-id=\"ade45d1\" data-element_type=\"widget\" data-e-type=\"widget\" data-settings=\"{&quot;_animation&quot;:&quot;fadeInLeft&quot;}\" data-widget_type=\"heading.default\">\n\t\t\t\t\t<h1 class=\"elementor-heading-title elementor-size-default\">Commercial renovation in Outremont<\/h1>\t\t\t\t<\/div>\n\t\t\t\t<\/div>\n\t\t<div class=\"elementor-element elementor-element-390c168 e-con-full e-flex e-con e-child\" data-id=\"390c168\" data-element_type=\"container\" data-e-type=\"container\">\n\t\t\t\t<\/div>\n\t\t\t\t\t<\/div>\n\t\t\t\t<\/div>\n\t\t<div class=\"elementor-element elementor-element-1a973c06 e-flex e-con-boxed e-con e-parent\" data-id=\"1a973c06\" data-element_type=\"container\" data-e-type=\"container\">\n\t\t\t\t\t<div class=\"e-con-inner\">\n\t\t<div class=\"elementor-element elementor-element-1321192d e-con-full e-flex e-con e-child\" data-id=\"1321192d\" data-element_type=\"container\" data-e-type=\"container\" data-settings=\"{&quot;background_background&quot;:&quot;classic&quot;}\">\n\t\t\t\t<div class=\"elementor-element elementor-element-6202d6ee elementor-widget elementor-widget-image\" data-id=\"6202d6ee\" data-element_type=\"widget\" data-e-type=\"widget\" data-widget_type=\"image.default\">\n\t\t\t\t\t\t\t\t\t\t\t\t\t\t\t<img fetchpriority=\"high\" decoding=\"async\" width=\"800\" height=\"1000\" src=\"https:\/\/grpcartier.com\/wp-content\/uploads\/2025\/10\/0R8A1350-819x1024.jpg\" class=\"attachment-large size-large wp-image-2971\" alt=\"\" srcset=\"https:\/\/grpcartier.com\/wp-content\/uploads\/2025\/10\/0R8A1350-819x1024.jpg 819w, https:\/\/grpcartier.com\/wp-content\/uploads\/2025\/10\/0R8A1350-240x300.jpg 240w, https:\/\/grpcartier.com\/wp-content\/uploads\/2025\/10\/0R8A1350-768x960.jpg 768w, https:\/\/grpcartier.com\/wp-content\/uploads\/2025\/10\/0R8A1350.jpg 1024w\" sizes=\"(max-width: 800px) 100vw, 800px\" \/>\t\t\t\t\t\t\t\t\t\t\t\t\t\t\t<\/div>\n\t\t\t\t<\/div>\n\t\t<div class=\"elementor-element elementor-element-5fb4341b e-con-full e-flex e-con e-child\" data-id=\"5fb4341b\" data-element_type=\"container\" data-e-type=\"container\">\n\t\t\t\t<div class=\"elementor-element elementor-element-21ec5dfc elementor-widget elementor-widget-text-editor\" data-id=\"21ec5dfc\" data-element_type=\"widget\" data-e-type=\"widget\" data-widget_type=\"text-editor.default\">\n\t\t\t\t\t\t\t\t\t<p>The professionals at Groupe Cartier, specializing in commercial renovation in Outremont, have all the necessary experience, as well as RBQ licenses and standard accreditations to guarantee the success of your construction project.<\/p><p>We work in all types of environments, regardless of the scope of your commercial renovation project in Outremont and its surrounding neighbourhoods.<\/p><p>With over 20 years of experience, Groupe Cartier is involved in renovation projects for shops, restaurants, businesses, factories, etc. In your work environment, it is essential to ensure that deadlines are met so as not to affect your professional activity. Groupe Cartier understands this and will ensure that your project runs smoothly, from the design phase to coordination and completion of the work.<\/p><p>Do you currently have a commercial renovation project in Outremont? Please contact our team, and we will get back to you shortly to discuss your project.<\/p>\t\t\t\t\t\t\t\t<\/div>\n\t\t<div class=\"elementor-element elementor-element-45c36aae e-con-full e-flex e-con e-child\" data-id=\"45c36aae\" data-element_type=\"container\" data-e-type=\"container\">\n\t\t\t\t<div class=\"elementor-element elementor-element-37dfb036 elementor-widget elementor-widget-button\" data-id=\"37dfb036\" data-element_type=\"widget\" data-e-type=\"widget\" data-widget_type=\"button.default\">\n\t\t\t\t\t\t\t\t\t\t<a class=\"elementor-button elementor-button-link elementor-size-sm\" href=\"https:\/\/grpcartier.com\/en\/about-us\/\">\n\t\t\t\t\t\t<span class=\"elementor-button-content-wrapper\">\n\t\t\t\t\t\t\t\t\t<span class=\"elementor-button-text\">Discover Groupe Cartier<\/span>\n\t\t\t\t\t<\/span>\n\t\t\t\t\t<\/a>\n\t\t\t\t\t\t\t\t<\/div>\n\t\t\t\t<div class=\"elementor-element elementor-element-4fec13b2 elementor-widget elementor-widget-button\" data-id=\"4fec13b2\" data-element_type=\"widget\" data-e-type=\"widget\" data-widget_type=\"button.default\">\n\t\t\t\t\t\t\t\t\t\t<a class=\"elementor-button elementor-button-link elementor-size-sm\" href=\"https:\/\/grpcartier.com\/en\/contact-us\/\">\n\t\t\t\t\t\t<span class=\"elementor-button-content-wrapper\">\n\t\t\t\t\t\t\t\t\t<span class=\"elementor-button-text\">Contact us<\/span>\n\t\t\t\t\t<\/span>\n\t\t\t\t\t<\/a>\n\t\t\t\t\t\t\t\t<\/div>\n\t\t\t\t<\/div>\n\t\t\t\t<\/div>\n\t\t\t\t\t<\/div>\n\t\t\t\t<\/div>\n\t\t<div class=\"elementor-element elementor-element-653e6858 e-flex e-con-boxed e-con e-parent\" data-id=\"653e6858\" data-element_type=\"container\" data-e-type=\"container\">\n\t\t\t\t\t<div class=\"e-con-inner\">\n\t\t<div class=\"elementor-element elementor-element-6b0e9542 e-con-full e-flex e-con e-child\" data-id=\"6b0e9542\" data-element_type=\"container\" data-e-type=\"container\">\n\t\t\t\t<div class=\"elementor-element elementor-element-78aaa29b elementor-widget elementor-widget-text-editor\" data-id=\"78aaa29b\" data-element_type=\"widget\" data-e-type=\"widget\" data-widget_type=\"text-editor.default\">\n\t\t\t\t\t\t\t\t\t<p>See also:<br><a href=\"https:\/\/grpcartier.com\/ajout-etage-duplex-montreal\/\">Adding a floor<\/a>, <a href=\"https:\/\/grpcartier.com\/en\/interior-design\/\">Interior designer<\/a>, <a href=\"https:\/\/grpcartier.com\/en\/interior-design-montreal\/\">Interior design in Montreal<\/a>, <a href=\"https:\/\/grpcartier.com\/armoires-de-cuisine-montreal\/\">Kitchen cabinets in Montreal: creation or renovation by Groupe Cartier<\/a>, <a class=\"row-title\" href=\"https:\/\/grpcartier.com\/wp-admin\/post.php?post=2188&amp;action=edit&amp;lang=fr\" aria-label=\"\u00ab La r\u00e9novation d\u2019armoires de cuisine \u00e0 Montr\u00e9al: les questions \u00e0 vous poser. \u00bb (Modifier)\">Kitchen cabinet renovation in Montreal: questions to ask yourself<\/a>, <a href=\"https:\/\/grpcartier.com\/cout-renovation-duplex\/\">Cost of renovating a duplex<\/a>, <a href=\"https:\/\/grpcartier.com\/en\/custom-made-kitchen-montreal\/\">Custom kitchen in Montreal<\/a>, <a href=\"https:\/\/grpcartier.com\/cuisiniste-montreal\/\">Montreal kitchen designer<\/a>, <a href=\"https:\/\/grpcartier.com\/renovation-commerciale\/\">Commercial renovation<\/a>, <a href=\"https:\/\/grpcartier.com\/en\/kitchen-renovation-montreal\/\">Kitchen renovation in Montreal,<\/a> <a href=\"https:\/\/grpcartier.com\/renovation-duplex-et-triplex-montreal\/\">Duplex and triplex renovation in Montreal<\/a> <\/p>\t\t\t\t\t\t\t\t<\/div>\n\t\t\t\t<\/div>\n\t\t<div class=\"elementor-element elementor-element-7e89266d e-con-full e-flex e-con e-child\" data-id=\"7e89266d\" data-element_type=\"container\" data-e-type=\"container\">\n\t\t\t\t<div class=\"elementor-element elementor-element-39b054f1 elementor-widget elementor-widget-image\" data-id=\"39b054f1\" data-element_type=\"widget\" data-e-type=\"widget\" data-widget_type=\"image.default\">\n\t\t\t\t\t\t\t\t\t\t\t\t\t\t\t<img decoding=\"async\" width=\"800\" height=\"530\" src=\"https:\/\/grpcartier.com\/wp-content\/uploads\/2025\/10\/3378_gorini_bulma_bar_groupe-cartier_designer-3-1024x679.jpg\" class=\"attachment-large size-large wp-image-2785\" alt=\"\" srcset=\"https:\/\/grpcartier.com\/wp-content\/uploads\/2025\/10\/3378_gorini_bulma_bar_groupe-cartier_designer-3-1024x679.jpg 1024w, https:\/\/grpcartier.com\/wp-content\/uploads\/2025\/10\/3378_gorini_bulma_bar_groupe-cartier_designer-3-300x199.jpg 300w, https:\/\/grpcartier.com\/wp-content\/uploads\/2025\/10\/3378_gorini_bulma_bar_groupe-cartier_designer-3-768x509.jpg 768w, https:\/\/grpcartier.com\/wp-content\/uploads\/2025\/10\/3378_gorini_bulma_bar_groupe-cartier_designer-3-1536x1018.jpg 1536w, https:\/\/grpcartier.com\/wp-content\/uploads\/2025\/10\/3378_gorini_bulma_bar_groupe-cartier_designer-3.jpg 1862w\" sizes=\"(max-width: 800px) 100vw, 800px\" \/>\t\t\t\t\t\t\t\t\t\t\t\t\t\t\t<\/div>\n\t\t\t\t<\/div>\n\t\t\t\t\t<\/div>\n\t\t\t\t<\/div>\n\t\t<div class=\"elementor-element elementor-element-ea3dcd8 e-flex e-con-boxed e-con e-parent\" data-id=\"ea3dcd8\" data-element_type=\"container\" data-e-type=\"container\">\n\t\t\t\t\t<div class=\"e-con-inner\">\n\t\t\t\t<div class=\"elementor-element elementor-element-3a4897b elementor-widget elementor-widget-html\" data-id=\"3a4897b\" data-element_type=\"widget\" data-e-type=\"widget\" data-widget_type=\"html.default\">\n\t\t\t\t\t<script type=\"application\/ld+json\">\n{\n  \"@context\": \"https:\/\/schema.org\",\n  \"@type\": \"Service\",\n  \"name\": \"Commercial Renovation in Outremont\",\n  \"serviceType\": \"Commercial renovation and interior construction\",\n  \"url\": \"https:\/\/grpcartier.com\/en\/commercial-renovation-outremont\/\",\n  \"provider\": {\n    \"@type\": \"LocalBusiness\",\n    \"name\": \"Groupe Cartier\",\n    \"url\": \"https:\/\/grpcartier.com\",\n    \"telephone\": \"+15146296029\"\n  },\n  \"areaServed\": { \"@type\": \"City\", \"name\": \"Outremont\" },\n  \"inLanguage\": \"en-CA\"\n}\n<\/script>\t\t\t\t<\/div>\n\t\t\t\t<div class=\"elementor-element elementor-element-6049ad6 elementor-widget elementor-widget-html\" data-id=\"6049ad6\" data-element_type=\"widget\" data-e-type=\"widget\" data-widget_type=\"html.default\">\n\t\t\t\t\t<script type=\"application\/ld+json\">\n{\n  \"@context\": \"https:\/\/schema.org\",\n  \"@type\": \"BreadcrumbList\",\n  \"itemListElement\": [\n    { \"@type\": \"ListItem\", \"position\": 1, \"name\": \"Home\", \"item\": \"https:\/\/grpcartier.com\/en\/\" },\n    { \"@type\": \"ListItem\", \"position\": 2, \"name\": \"General Contractor\", \"item\": \"https:\/\/grpcartier.com\/en\/general-contractor\/\" },\n    { \"@type\": \"ListItem\", \"position\": 3, \"name\": \"Commercial Renovation in Outremont\", \"item\": \"https:\/\/grpcartier.com\/en\/commercial-renovation-outremont\/\" }\n  ]\n}\n<\/script>\t\t\t\t<\/div>\n\t\t\t\t\t<\/div>\n\t\t\t\t<\/div>\n\t\t\t\t<\/div>\n\t\t","protected":false},"excerpt":{"rendered":"<p>Commercial renovation in Outremont The professionals at Groupe Cartier, specializing in commercial renovation in Outremont, have all the necessary experience, as well as RBQ licenses and standard accreditations to guarantee the success of your construction project. We work in all types of environments, regardless of the scope of your commercial renovation project in Outremont and [&hellip;]<\/p>\n","protected":false},"author":2,"featured_media":0,"parent":0,"menu_order":0,"comment_status":"open","ping_status":"open","template":"elementor_header_footer","meta":{"_acf_changed":false,"footnotes":""},"class_list":["post-2302","page","type-page","status-publish","hentry"],"acf":[],"_links":{"self":[{"href":"https:\/\/grpcartier.com\/en\/wp-json\/wp\/v2\/pages\/2302","targetHints":{"allow":["GET"]}}],"collection":[{"href":"https:\/\/grpcartier.com\/en\/wp-json\/wp\/v2\/pages"}],"about":[{"href":"https:\/\/grpcartier.com\/en\/wp-json\/wp\/v2\/types\/page"}],"author":[{"embeddable":true,"href":"https:\/\/grpcartier.com\/en\/wp-json\/wp\/v2\/users\/2"}],"replies":[{"embeddable":true,"href":"https:\/\/grpcartier.com\/en\/wp-json\/wp\/v2\/comments?post=2302"}],"version-history":[{"count":8,"href":"https:\/\/grpcartier.com\/en\/wp-json\/wp\/v2\/pages\/2302\/revisions"}],"predecessor-version":[{"id":5813,"href":"https:\/\/grpcartier.com\/en\/wp-json\/wp\/v2\/pages\/2302\/revisions\/5813"}],"wp:attachment":[{"href":"https:\/\/grpcartier.com\/en\/wp-json\/wp\/v2\/media?parent=2302"}],"curies":[{"name":"wp","href":"https:\/\/api.w.org\/{rel}","templated":true}]}}