{"id":2301,"date":"2025-11-02T18:39:59","date_gmt":"2025-11-02T18:39:59","guid":{"rendered":"https:\/\/www.grpcartier.com\/k\/commercial-renovation-westmount.html"},"modified":"2026-03-30T14:07:00","modified_gmt":"2026-03-30T18:07:00","slug":"commercial-renovation-westmount","status":"publish","type":"page","link":"https:\/\/grpcartier.com\/en\/commercial-renovation-westmount\/","title":{"rendered":"Commercial renovation Westmount"},"content":{"rendered":"\t\t<div data-elementor-type=\"wp-page\" data-elementor-id=\"2301\" class=\"elementor elementor-2301\" data-elementor-post-type=\"page\">\n\t\t\t\t<div class=\"elementor-element elementor-element-3fe0c717 e-flex e-con-boxed e-con e-parent\" data-id=\"3fe0c717\" data-element_type=\"container\" data-e-type=\"container\" data-settings=\"{&quot;background_background&quot;:&quot;classic&quot;}\">\n\t\t\t\t\t<div class=\"e-con-inner\">\n\t\t<div class=\"elementor-element elementor-element-1d0d0cff e-con-full e-flex e-con e-child\" data-id=\"1d0d0cff\" data-element_type=\"container\" data-e-type=\"container\">\n\t\t\t\t<div class=\"elementor-element elementor-element-792b36a8 elementor-invisible elementor-widget elementor-widget-heading\" data-id=\"792b36a8\" data-element_type=\"widget\" data-e-type=\"widget\" data-settings=\"{&quot;_animation&quot;:&quot;fadeInLeft&quot;}\" data-widget_type=\"heading.default\">\n\t\t\t\t\t<h1 class=\"elementor-heading-title elementor-size-default\">Commercial renovation Westmount<\/h1>\t\t\t\t<\/div>\n\t\t\t\t<\/div>\n\t\t<div class=\"elementor-element elementor-element-792d4ca8 e-con-full e-flex e-con e-child\" data-id=\"792d4ca8\" data-element_type=\"container\" data-e-type=\"container\">\n\t\t\t\t<\/div>\n\t\t\t\t\t<\/div>\n\t\t\t\t<\/div>\n\t\t<div class=\"elementor-element elementor-element-6ea3af08 e-flex e-con-boxed e-con e-parent\" data-id=\"6ea3af08\" data-element_type=\"container\" data-e-type=\"container\">\n\t\t\t\t\t<div class=\"e-con-inner\">\n\t\t<div class=\"elementor-element elementor-element-2f44e172 e-con-full e-flex e-con e-child\" data-id=\"2f44e172\" data-element_type=\"container\" data-e-type=\"container\">\n\t\t\t\t<div class=\"elementor-element elementor-element-73f4de7c elementor-widget elementor-widget-text-editor\" data-id=\"73f4de7c\" data-element_type=\"widget\" data-e-type=\"widget\" data-widget_type=\"text-editor.default\">\n\t\t\t\t\t\t\t\t\t<p>Groupe Cartier is a company which specializes incommercial renovation in Westmount. Our team is composed of kitchen designers, interior designers and entrepreneurs. We put our knowledge at your entire service throughout the design and construction process in order to provide a renovation that will satisfy your requirements, the structural restrictions of your space, and your budget.<\/p><p>Commercial renovation in Westmountinvolves demolitions, expansions, various constructions, arrangements, lighting, custom made cabinet designs, etc. Ourcommercial renovation specialists in Westmountwill handle your electricity, ceramics, siding, plumbing, floors, etc.<\/p>\t\t\t\t\t\t\t\t<\/div>\n\t\t\t\t<\/div>\n\t\t<div class=\"elementor-element elementor-element-511ef884 e-con-full e-flex e-con e-child\" data-id=\"511ef884\" data-element_type=\"container\" data-e-type=\"container\" data-settings=\"{&quot;background_background&quot;:&quot;classic&quot;}\">\n\t\t\t\t<\/div>\n\t\t<div class=\"elementor-element elementor-element-588c995b e-con-full e-flex e-con e-child\" data-id=\"588c995b\" data-element_type=\"container\" data-e-type=\"container\">\n\t\t\t\t<div class=\"elementor-element elementor-element-53ea786e elementor-widget elementor-widget-text-editor\" data-id=\"53ea786e\" data-element_type=\"widget\" data-e-type=\"widget\" data-widget_type=\"text-editor.default\">\n\t\t\t\t\t\t\t\t\t<p>We work according to the prearranged schedule and budget conditions, as well as any eventual technical restrictions of your interior or the city&#8217;s renovation norms.<\/p><p>By choosing Groupe Cartier now, you can start yourcommercial renovation in Westmountwith complete confidence. We encourage you to complete the form below, and one of our kitchen experts will respond to you with great attention.<\/p>\t\t\t\t\t\t\t\t<\/div>\n\t\t\t\t<\/div>\n\t\t\t\t\t<\/div>\n\t\t\t\t<\/div>\n\t\t<div class=\"elementor-element elementor-element-6582dba9 e-flex e-con-boxed e-con e-parent\" data-id=\"6582dba9\" data-element_type=\"container\" data-e-type=\"container\">\n\t\t\t\t\t<div class=\"e-con-inner\">\n\t\t<div class=\"elementor-element elementor-element-580e8526 e-con-full e-flex e-con e-child\" data-id=\"580e8526\" data-element_type=\"container\" data-e-type=\"container\">\n\t\t<div class=\"elementor-element elementor-element-15f30b88 e-con-full e-flex e-con e-child\" data-id=\"15f30b88\" data-element_type=\"container\" data-e-type=\"container\">\n\t\t\t\t<div class=\"elementor-element elementor-element-261f1a4d elementor-widget elementor-widget-button\" data-id=\"261f1a4d\" data-element_type=\"widget\" data-e-type=\"widget\" data-widget_type=\"button.default\">\n\t\t\t\t\t\t\t\t\t\t<a class=\"elementor-button elementor-button-link elementor-size-sm\" href=\"https:\/\/grpcartier.com\/en\/about-us\/\">\n\t\t\t\t\t\t<span class=\"elementor-button-content-wrapper\">\n\t\t\t\t\t\t\t\t\t<span class=\"elementor-button-text\">Discover Groupe Cartier<\/span>\n\t\t\t\t\t<\/span>\n\t\t\t\t\t<\/a>\n\t\t\t\t\t\t\t\t<\/div>\n\t\t\t\t<div class=\"elementor-element elementor-element-5b583326 elementor-widget elementor-widget-button\" data-id=\"5b583326\" data-element_type=\"widget\" data-e-type=\"widget\" data-widget_type=\"button.default\">\n\t\t\t\t\t\t\t\t\t\t<a class=\"elementor-button elementor-button-link elementor-size-sm\" href=\"https:\/\/grpcartier.com\/en\/contact-us\/\">\n\t\t\t\t\t\t<span class=\"elementor-button-content-wrapper\">\n\t\t\t\t\t\t\t\t\t<span class=\"elementor-button-text\">Contact us<\/span>\n\t\t\t\t\t<\/span>\n\t\t\t\t\t<\/a>\n\t\t\t\t\t\t\t\t<\/div>\n\t\t\t\t<\/div>\n\t\t\t\t<div class=\"elementor-element elementor-element-5aaeab1 elementor-widget elementor-widget-text-editor\" data-id=\"5aaeab1\" data-element_type=\"widget\" data-e-type=\"widget\" data-widget_type=\"text-editor.default\">\n\t\t\t\t\t\t\t\t\t<p>See also:<br><a href=\"https:\/\/grpcartier.com\/ajout-etage-duplex-montreal\/\">Adding a floor<\/a>, <a href=\"https:\/\/grpcartier.com\/en\/interior-design\/\">Interior designer<\/a>, <a href=\"https:\/\/grpcartier.com\/en\/interior-design-montreal\/\">Interior design in Montreal<\/a>, <a href=\"https:\/\/grpcartier.com\/armoires-de-cuisine-montreal\/\">Kitchen cabinets in Montreal: creation or renovation by Groupe Cartier<\/a>, <a class=\"row-title\" href=\"https:\/\/grpcartier.com\/wp-admin\/post.php?post=2188&amp;action=edit&amp;lang=fr\" aria-label=\"\u00ab La r\u00e9novation d\u2019armoires de cuisine \u00e0 Montr\u00e9al: les questions \u00e0 vous poser. \u00bb (Modifier)\">Kitchen cabinet renovation in Montreal: questions to ask yourself<\/a>, <a href=\"https:\/\/grpcartier.com\/cout-renovation-duplex\/\">Cost of renovating a duplex<\/a>, <a href=\"https:\/\/grpcartier.com\/en\/custom-made-kitchen-montreal\/\">Custom kitchen in Montreal<\/a>, <a href=\"https:\/\/grpcartier.com\/cuisiniste-montreal\/\">Montreal kitchen designer<\/a>, <a href=\"https:\/\/grpcartier.com\/renovation-commerciale\/\">Commercial renovation<\/a>, <a href=\"https:\/\/grpcartier.com\/en\/kitchen-renovation-montreal\/\">Kitchen renovation in Montreal,<\/a> <a href=\"https:\/\/grpcartier.com\/renovation-duplex-et-triplex-montreal\/\">Duplex and triplex renovation in Montreal<\/a> <\/p>\t\t\t\t\t\t\t\t<\/div>\n\t\t\t\t<\/div>\n\t\t\t\t\t<\/div>\n\t\t\t\t<\/div>\n\t\t<div class=\"elementor-element elementor-element-e8de2a5 e-flex e-con-boxed e-con e-parent\" data-id=\"e8de2a5\" data-element_type=\"container\" data-e-type=\"container\">\n\t\t\t\t\t<div class=\"e-con-inner\">\n\t\t\t\t<div class=\"elementor-element elementor-element-350dbdd elementor-widget elementor-widget-html\" data-id=\"350dbdd\" data-element_type=\"widget\" data-e-type=\"widget\" data-widget_type=\"html.default\">\n\t\t\t\t\t<script type=\"application\/ld+json\">\n{\n  \"@context\": \"https:\/\/schema.org\",\n  \"@type\": \"Service\",\n  \"name\": \"Commercial Renovation in Westmount\",\n  \"serviceType\": \"Commercial renovation and interior construction\",\n  \"url\": \"https:\/\/grpcartier.com\/en\/commercial-renovation-westmount\/\",\n  \"provider\": {\n    \"@type\": \"LocalBusiness\",\n    \"name\": \"Groupe Cartier\",\n    \"url\": \"https:\/\/grpcartier.com\",\n    \"telephone\": \"+15146296029\"\n  },\n  \"areaServed\": { \"@type\": \"City\", \"name\": \"Westmount\" },\n  \"inLanguage\": \"en-CA\"\n}\n<\/script>\t\t\t\t<\/div>\n\t\t\t\t<div class=\"elementor-element elementor-element-9f8545c elementor-widget elementor-widget-html\" data-id=\"9f8545c\" data-element_type=\"widget\" data-e-type=\"widget\" data-widget_type=\"html.default\">\n\t\t\t\t\t<script type=\"application\/ld+json\">\n{\n  \"@context\": \"https:\/\/schema.org\",\n  \"@type\": \"BreadcrumbList\",\n  \"itemListElement\": [\n    { \"@type\": \"ListItem\", \"position\": 1, \"name\": \"Home\", \"item\": \"https:\/\/grpcartier.com\/en\/\" },\n    { \"@type\": \"ListItem\", \"position\": 2, \"name\": \"General Contractor\", \"item\": \"https:\/\/grpcartier.com\/en\/general-contractor\/\" },\n    { \"@type\": \"ListItem\", \"position\": 3, \"name\": \"Commercial Renovation in Westmount\", \"item\": \"https:\/\/grpcartier.com\/en\/commercial-renovation-westmount\/\" }\n  ]\n}\n<\/script>\t\t\t\t<\/div>\n\t\t\t\t\t<\/div>\n\t\t\t\t<\/div>\n\t\t\t\t<\/div>\n\t\t","protected":false},"excerpt":{"rendered":"<p>Commercial renovation Westmount Groupe Cartier is a company which specializes incommercial renovation in Westmount. Our team is composed of kitchen designers, interior designers and entrepreneurs. We put our knowledge at your entire service throughout the design and construction process in order to provide a renovation that will satisfy your requirements, the structural restrictions of your [&hellip;]<\/p>\n","protected":false},"author":2,"featured_media":0,"parent":0,"menu_order":0,"comment_status":"open","ping_status":"open","template":"elementor_header_footer","meta":{"_acf_changed":false,"footnotes":""},"class_list":["post-2301","page","type-page","status-publish","hentry"],"acf":[],"_links":{"self":[{"href":"https:\/\/grpcartier.com\/en\/wp-json\/wp\/v2\/pages\/2301","targetHints":{"allow":["GET"]}}],"collection":[{"href":"https:\/\/grpcartier.com\/en\/wp-json\/wp\/v2\/pages"}],"about":[{"href":"https:\/\/grpcartier.com\/en\/wp-json\/wp\/v2\/types\/page"}],"author":[{"embeddable":true,"href":"https:\/\/grpcartier.com\/en\/wp-json\/wp\/v2\/users\/2"}],"replies":[{"embeddable":true,"href":"https:\/\/grpcartier.com\/en\/wp-json\/wp\/v2\/comments?post=2301"}],"version-history":[{"count":6,"href":"https:\/\/grpcartier.com\/en\/wp-json\/wp\/v2\/pages\/2301\/revisions"}],"predecessor-version":[{"id":5837,"href":"https:\/\/grpcartier.com\/en\/wp-json\/wp\/v2\/pages\/2301\/revisions\/5837"}],"wp:attachment":[{"href":"https:\/\/grpcartier.com\/en\/wp-json\/wp\/v2\/media?parent=2301"}],"curies":[{"name":"wp","href":"https:\/\/api.w.org\/{rel}","templated":true}]}}