{"id":2300,"date":"2025-11-02T18:39:56","date_gmt":"2025-11-02T18:39:56","guid":{"rendered":"https:\/\/www.grpcartier.com\/k\/custom-made-kitchen-westmount.html"},"modified":"2026-03-30T14:13:43","modified_gmt":"2026-03-30T18:13:43","slug":"custom-made-kitchen-westmount","status":"publish","type":"page","link":"https:\/\/grpcartier.com\/en\/custom-made-kitchen-westmount\/","title":{"rendered":"Custom made kitchen Westmount"},"content":{"rendered":"\t\t<div data-elementor-type=\"wp-page\" data-elementor-id=\"2300\" class=\"elementor elementor-2300\" data-elementor-post-type=\"page\">\n\t\t\t\t<div class=\"elementor-element elementor-element-aee7ece e-flex e-con-boxed e-con e-parent\" data-id=\"aee7ece\" data-element_type=\"container\" data-e-type=\"container\" data-settings=\"{&quot;background_background&quot;:&quot;classic&quot;}\">\n\t\t\t\t\t<div class=\"e-con-inner\">\n\t\t<div class=\"elementor-element elementor-element-556a7d04 e-con-full e-flex e-con e-child\" data-id=\"556a7d04\" data-element_type=\"container\" data-e-type=\"container\">\n\t\t\t\t<div class=\"elementor-element elementor-element-54eb9fe4 elementor-invisible elementor-widget elementor-widget-heading\" data-id=\"54eb9fe4\" data-element_type=\"widget\" data-e-type=\"widget\" data-settings=\"{&quot;_animation&quot;:&quot;fadeInLeft&quot;}\" data-widget_type=\"heading.default\">\n\t\t\t\t\t<h1 class=\"elementor-heading-title elementor-size-default\">Custom made kitchen Westmount<\/h1>\t\t\t\t<\/div>\n\t\t\t\t<\/div>\n\t\t<div class=\"elementor-element elementor-element-7cf573c9 e-con-full e-flex e-con e-child\" data-id=\"7cf573c9\" data-element_type=\"container\" data-e-type=\"container\">\n\t\t\t\t<\/div>\n\t\t\t\t\t<\/div>\n\t\t\t\t<\/div>\n\t\t<div class=\"elementor-element elementor-element-441229c5 e-flex e-con-boxed e-con e-parent\" data-id=\"441229c5\" data-element_type=\"container\" data-e-type=\"container\">\n\t\t\t\t\t<div class=\"e-con-inner\">\n\t\t<div class=\"elementor-element elementor-element-353f029d e-con-full e-flex e-con e-child\" data-id=\"353f029d\" data-element_type=\"container\" data-e-type=\"container\">\n\t\t\t\t<div class=\"elementor-element elementor-element-73a73e71 elementor-widget elementor-widget-text-editor\" data-id=\"73a73e71\" data-element_type=\"widget\" data-e-type=\"widget\" data-widget_type=\"text-editor.default\">\n\t\t\t\t\t\t\t\t\t<p>You live in Montreal and are planning to renovate or build your custom made kitchen? Groupe Cartier, an RBQ, CCQ &amp; APCHQ accredited company, provides custom made kitchen construction services in Westmount thanks to a team of residential renovation specialists. Our designers and entrepreneurs will be a precious source of assistance during every step of the design of your future kitchen.<\/p><p>Our first goal consists in listening and analyzing your expectations and requirements, but also in finding out about the area to be renovated. Our Westmount custom made kitchen experts will therefore identify your needs, your budget and the structural restrictions associated with your interior.<\/p>\t\t\t\t\t\t\t\t<\/div>\n\t\t\t\t<\/div>\n\t\t<div class=\"elementor-element elementor-element-41f9563e e-con-full e-flex e-con e-child\" data-id=\"41f9563e\" data-element_type=\"container\" data-e-type=\"container\" data-settings=\"{&quot;background_background&quot;:&quot;classic&quot;}\">\n\t\t\t\t<\/div>\n\t\t<div class=\"elementor-element elementor-element-59e8cfe1 e-con-full e-flex e-con e-child\" data-id=\"59e8cfe1\" data-element_type=\"container\" data-e-type=\"container\">\n\t\t\t\t<div class=\"elementor-element elementor-element-225a41f6 elementor-widget elementor-widget-text-editor\" data-id=\"225a41f6\" data-element_type=\"widget\" data-e-type=\"widget\" data-widget_type=\"text-editor.default\">\n\t\t\t\t\t\t\t\t\t<p>These factors will allow us to give you a service offer as well as a detailed route map for every step of the renovation process.<\/p><p>Once we have scheduled yourcustom made kitchenconstruction project inWestmountand drawn up the schedule, GROUPE CARTIER will commit to respecting the agreed agenda and will honor all of its engagements until you are fully satisfied.<\/p>\t\t\t\t\t\t\t\t<\/div>\n\t\t\t\t<\/div>\n\t\t\t\t\t<\/div>\n\t\t\t\t<\/div>\n\t\t<div class=\"elementor-element elementor-element-41d746c9 e-flex e-con-boxed e-con e-parent\" data-id=\"41d746c9\" data-element_type=\"container\" data-e-type=\"container\">\n\t\t\t\t\t<div class=\"e-con-inner\">\n\t\t<div class=\"elementor-element elementor-element-7ed3687a e-con-full e-flex e-con e-child\" data-id=\"7ed3687a\" data-element_type=\"container\" data-e-type=\"container\">\n\t\t<div class=\"elementor-element elementor-element-5cae686b e-con-full e-flex e-con e-child\" data-id=\"5cae686b\" data-element_type=\"container\" data-e-type=\"container\">\n\t\t\t\t<div class=\"elementor-element elementor-element-3b9830ed elementor-widget elementor-widget-button\" data-id=\"3b9830ed\" data-element_type=\"widget\" data-e-type=\"widget\" data-widget_type=\"button.default\">\n\t\t\t\t\t\t\t\t\t\t<a class=\"elementor-button elementor-button-link elementor-size-sm\" href=\"https:\/\/grpcartier.com\/en\/about-us\/\">\n\t\t\t\t\t\t<span class=\"elementor-button-content-wrapper\">\n\t\t\t\t\t\t\t\t\t<span class=\"elementor-button-text\">Discover Groupe Cartier<\/span>\n\t\t\t\t\t<\/span>\n\t\t\t\t\t<\/a>\n\t\t\t\t\t\t\t\t<\/div>\n\t\t\t\t<div class=\"elementor-element elementor-element-5f347ede elementor-widget elementor-widget-button\" data-id=\"5f347ede\" data-element_type=\"widget\" data-e-type=\"widget\" data-widget_type=\"button.default\">\n\t\t\t\t\t\t\t\t\t\t<a class=\"elementor-button elementor-button-link elementor-size-sm\" href=\"https:\/\/grpcartier.com\/en\/contact-us\/\">\n\t\t\t\t\t\t<span class=\"elementor-button-content-wrapper\">\n\t\t\t\t\t\t\t\t\t<span class=\"elementor-button-text\">Contact us<\/span>\n\t\t\t\t\t<\/span>\n\t\t\t\t\t<\/a>\n\t\t\t\t\t\t\t\t<\/div>\n\t\t\t\t<\/div>\n\t\t\t\t<div class=\"elementor-element elementor-element-53a0806c elementor-widget elementor-widget-text-editor\" data-id=\"53a0806c\" data-element_type=\"widget\" data-e-type=\"widget\" data-widget_type=\"text-editor.default\">\n\t\t\t\t\t\t\t\t\t<p>See also:<br><a href=\"https:\/\/grpcartier.com\/ajout-etage-duplex-montreal\/\">Adding a floor<\/a>, <a href=\"https:\/\/grpcartier.com\/en\/interior-design\/\">Interior designer<\/a>, <a href=\"https:\/\/grpcartier.com\/en\/interior-design-montreal\/\">Interior design in Montreal<\/a>, <a href=\"https:\/\/grpcartier.com\/armoires-de-cuisine-montreal\/\">Kitchen cabinets in Montreal: creation or renovation by Groupe Cartier<\/a>, <a class=\"row-title\" href=\"https:\/\/grpcartier.com\/wp-admin\/post.php?post=2188&amp;action=edit&amp;lang=fr\" aria-label=\"\u00ab La r\u00e9novation d\u2019armoires de cuisine \u00e0 Montr\u00e9al: les questions \u00e0 vous poser. \u00bb (Modifier)\">Kitchen cabinet renovation in Montreal: questions to ask yourself<\/a>, <a href=\"https:\/\/grpcartier.com\/cout-renovation-duplex\/\">Cost of renovating a duplex<\/a>, <a href=\"https:\/\/grpcartier.com\/en\/custom-made-kitchen-montreal\/\">Custom kitchen in Montreal<\/a>, <a href=\"https:\/\/grpcartier.com\/cuisiniste-montreal\/\">Montreal kitchen designer<\/a>, <a href=\"https:\/\/grpcartier.com\/renovation-commerciale\/\">Commercial renovation<\/a>, <a href=\"https:\/\/grpcartier.com\/en\/kitchen-renovation-montreal\/\">Kitchen renovation in Montreal,<\/a> <a href=\"https:\/\/grpcartier.com\/renovation-duplex-et-triplex-montreal\/\">Duplex and triplex renovation in Montreal<\/a> <\/p>\t\t\t\t\t\t\t\t<\/div>\n\t\t\t\t<\/div>\n\t\t\t\t\t<\/div>\n\t\t\t\t<\/div>\n\t\t<div class=\"elementor-element elementor-element-1148e8e e-flex e-con-boxed e-con e-parent\" data-id=\"1148e8e\" data-element_type=\"container\" data-e-type=\"container\">\n\t\t\t\t\t<div class=\"e-con-inner\">\n\t\t\t\t<div class=\"elementor-element elementor-element-9877ef4 elementor-widget elementor-widget-html\" data-id=\"9877ef4\" data-element_type=\"widget\" data-e-type=\"widget\" data-widget_type=\"html.default\">\n\t\t\t\t\t<script type=\"application\/ld+json\">\n{\n  \"@context\": \"https:\/\/schema.org\",\n  \"@type\": \"Service\",\n  \"name\": \"Custom Kitchens in Westmount\",\n  \"serviceType\": \"Custom kitchen design and installation\",\n  \"url\": \"https:\/\/grpcartier.com\/en\/custom-made-kitchen-westmount\/\",\n  \"provider\": {\n    \"@type\": \"LocalBusiness\",\n    \"name\": \"Groupe Cartier\",\n    \"url\": \"https:\/\/grpcartier.com\",\n    \"telephone\": \"+15146296029\"\n  },\n  \"areaServed\": { \"@type\": \"City\", \"name\": \"Westmount\" },\n  \"inLanguage\": \"en-CA\"\n}\n<\/script>\t\t\t\t<\/div>\n\t\t\t\t<div class=\"elementor-element elementor-element-5fe8638 elementor-widget elementor-widget-html\" data-id=\"5fe8638\" data-element_type=\"widget\" data-e-type=\"widget\" data-widget_type=\"html.default\">\n\t\t\t\t\t<script type=\"application\/ld+json\">\n{\n  \"@context\": \"https:\/\/schema.org\",\n  \"@type\": \"BreadcrumbList\",\n  \"itemListElement\": [\n    { \"@type\": \"ListItem\", \"position\": 1, \"name\": \"Home\", \"item\": \"https:\/\/grpcartier.com\/en\/\" },\n    { \"@type\": \"ListItem\", \"position\": 2, \"name\": \"Custom Kitchens\", \"item\": \"https:\/\/grpcartier.com\/en\/custom-kitchens\/\" },\n    { \"@type\": \"ListItem\", \"position\": 3, \"name\": \"Custom Kitchens in Westmount\", \"item\": \"https:\/\/grpcartier.com\/en\/custom-made-kitchen-westmount\/\" }\n  ]\n}\n<\/script>\t\t\t\t<\/div>\n\t\t\t\t\t<\/div>\n\t\t\t\t<\/div>\n\t\t\t\t<\/div>\n\t\t","protected":false},"excerpt":{"rendered":"<p>Custom made kitchen Westmount You live in Montreal and are planning to renovate or build your custom made kitchen? Groupe Cartier, an RBQ, CCQ &amp; APCHQ accredited company, provides custom made kitchen construction services in Westmount thanks to a team of residential renovation specialists. Our designers and entrepreneurs will be a precious source of assistance [&hellip;]<\/p>\n","protected":false},"author":2,"featured_media":0,"parent":0,"menu_order":0,"comment_status":"open","ping_status":"open","template":"elementor_header_footer","meta":{"_acf_changed":false,"footnotes":""},"class_list":["post-2300","page","type-page","status-publish","hentry"],"acf":[],"_links":{"self":[{"href":"https:\/\/grpcartier.com\/en\/wp-json\/wp\/v2\/pages\/2300","targetHints":{"allow":["GET"]}}],"collection":[{"href":"https:\/\/grpcartier.com\/en\/wp-json\/wp\/v2\/pages"}],"about":[{"href":"https:\/\/grpcartier.com\/en\/wp-json\/wp\/v2\/types\/page"}],"author":[{"embeddable":true,"href":"https:\/\/grpcartier.com\/en\/wp-json\/wp\/v2\/users\/2"}],"replies":[{"embeddable":true,"href":"https:\/\/grpcartier.com\/en\/wp-json\/wp\/v2\/comments?post=2300"}],"version-history":[{"count":6,"href":"https:\/\/grpcartier.com\/en\/wp-json\/wp\/v2\/pages\/2300\/revisions"}],"predecessor-version":[{"id":5861,"href":"https:\/\/grpcartier.com\/en\/wp-json\/wp\/v2\/pages\/2300\/revisions\/5861"}],"wp:attachment":[{"href":"https:\/\/grpcartier.com\/en\/wp-json\/wp\/v2\/media?parent=2300"}],"curies":[{"name":"wp","href":"https:\/\/api.w.org\/{rel}","templated":true}]}}