{"id":2276,"date":"2025-11-02T18:25:23","date_gmt":"2025-11-02T23:25:23","guid":{"rendered":"https:\/\/www.grpcartier.com\/k\/duplex-renovation-villeray.html"},"modified":"2026-03-30T14:33:05","modified_gmt":"2026-03-30T18:33:05","slug":"duplex-renovation-villeray","status":"publish","type":"page","link":"https:\/\/grpcartier.com\/en\/duplex-renovation-villeray\/","title":{"rendered":"Renovation of a duplex in Villeray"},"content":{"rendered":"\t\t<div data-elementor-type=\"wp-page\" data-elementor-id=\"2276\" class=\"elementor elementor-2276 elementor-2216\" data-elementor-post-type=\"page\">\n\t\t\t\t<div class=\"elementor-element elementor-element-e725753 e-flex e-con-boxed e-con e-parent\" data-id=\"e725753\" data-element_type=\"container\" data-e-type=\"container\" data-settings=\"{&quot;background_background&quot;:&quot;classic&quot;}\">\n\t\t\t\t\t<div class=\"e-con-inner\">\n\t\t<div class=\"elementor-element elementor-element-14bfe15a e-con-full e-flex e-con e-child\" data-id=\"14bfe15a\" data-element_type=\"container\" data-e-type=\"container\">\n\t\t\t\t<div class=\"elementor-element elementor-element-1061afd3 elementor-invisible elementor-widget elementor-widget-heading\" data-id=\"1061afd3\" data-element_type=\"widget\" data-e-type=\"widget\" data-settings=\"{&quot;_animation&quot;:&quot;fadeInLeft&quot;}\" data-widget_type=\"heading.default\">\n\t\t\t\t\t<h1 class=\"elementor-heading-title elementor-size-default\">Renovation of a duplex in Villeray<\/h1>\t\t\t\t<\/div>\n\t\t\t\t<\/div>\n\t\t<div class=\"elementor-element elementor-element-7b0bc6bf e-con-full e-flex e-con e-child\" data-id=\"7b0bc6bf\" data-element_type=\"container\" data-e-type=\"container\">\n\t\t\t\t<\/div>\n\t\t\t\t\t<\/div>\n\t\t\t\t<\/div>\n\t\t<div class=\"elementor-element elementor-element-7187f575 e-flex e-con-boxed e-con e-parent\" data-id=\"7187f575\" data-element_type=\"container\" data-e-type=\"container\">\n\t\t\t\t\t<div class=\"e-con-inner\">\n\t\t<div class=\"elementor-element elementor-element-5f516c08 e-con-full e-flex e-con e-child\" data-id=\"5f516c08\" data-element_type=\"container\" data-e-type=\"container\" data-settings=\"{&quot;background_background&quot;:&quot;classic&quot;}\">\n\t\t\t\t<div class=\"elementor-element elementor-element-2bd5eca6 elementor-widget elementor-widget-image\" data-id=\"2bd5eca6\" data-element_type=\"widget\" data-e-type=\"widget\" data-widget_type=\"image.default\">\n\t\t\t\t\t\t\t\t\t\t\t\t\t\t\t<img fetchpriority=\"high\" decoding=\"async\" width=\"683\" height=\"1024\" src=\"https:\/\/grpcartier.com\/wp-content\/uploads\/2025\/10\/IMG_3880-HDR-683x1024.jpg\" class=\"attachment-large size-large wp-image-3038\" alt=\"\" srcset=\"https:\/\/grpcartier.com\/wp-content\/uploads\/2025\/10\/IMG_3880-HDR-683x1024.jpg 683w, https:\/\/grpcartier.com\/wp-content\/uploads\/2025\/10\/IMG_3880-HDR-200x300.jpg 200w, https:\/\/grpcartier.com\/wp-content\/uploads\/2025\/10\/IMG_3880-HDR-768x1152.jpg 768w, https:\/\/grpcartier.com\/wp-content\/uploads\/2025\/10\/IMG_3880-HDR.jpg 1024w\" sizes=\"(max-width: 683px) 100vw, 683px\" \/>\t\t\t\t\t\t\t\t\t\t\t\t\t\t\t<\/div>\n\t\t\t\t<\/div>\n\t\t<div class=\"elementor-element elementor-element-2d34c111 e-con-full e-flex e-con e-child\" data-id=\"2d34c111\" data-element_type=\"container\" data-e-type=\"container\">\n\t\t\t\t<div class=\"elementor-element elementor-element-705bb5cd elementor-widget elementor-widget-text-editor\" data-id=\"705bb5cd\" data-element_type=\"widget\" data-e-type=\"widget\" data-widget_type=\"text-editor.default\">\n\t\t\t\t\t\t\t\t\t<p>Give your Villeray duplex a new lease on life with Groupe Cartier&#8217;s exceptional renovation services. As experts in residential transformation, we are dedicated to revitalizing your duplex, combining contemporary style with enhanced functionality.<\/p><p>Renovating a duplex in Villeray requires an innovative and customized approach. At Groupe Cartier, we begin each project with an in-depth consultation to understand your specific needs and aspirations for your space. Whether you want to modernize the kitchen, renovate the bathroom, or redefine the living spaces, our team of experienced professionals creates personalized plans that transform your duplex into a space that is both elegant and practical.<\/p><p>As part of your duplex renovation project in Villeray, we are committed to using high-quality materials and incorporating current design trends for a renovation that reflects your personal style. Whether you aspire to a contemporary, classic, or eclectic aesthetic, Groupe Cartier is ready to bring your vision to life.<\/p><p>Choose Groupe Cartier for your Villeray duplex renovation and discover how we can transform your living space into a modern and comfortable home. Contact us today to discuss your ideas, get personalized advice, and begin the exciting process of renovating your Villeray duplex. Together, let&#8217;s transform your home into a true interior design masterpiece.<\/p>\t\t\t\t\t\t\t\t<\/div>\n\t\t<div class=\"elementor-element elementor-element-382c64dc e-con-full e-flex e-con e-child\" data-id=\"382c64dc\" data-element_type=\"container\" data-e-type=\"container\">\n\t\t\t\t<div class=\"elementor-element elementor-element-65bdfe7a elementor-widget elementor-widget-button\" data-id=\"65bdfe7a\" data-element_type=\"widget\" data-e-type=\"widget\" data-widget_type=\"button.default\">\n\t\t\t\t\t\t\t\t\t\t<a class=\"elementor-button elementor-button-link elementor-size-sm\" href=\"https:\/\/grpcartier.com\/en\/about-us\/\">\n\t\t\t\t\t\t<span class=\"elementor-button-content-wrapper\">\n\t\t\t\t\t\t\t\t\t<span class=\"elementor-button-text\">Discover Groupe Cartier<\/span>\n\t\t\t\t\t<\/span>\n\t\t\t\t\t<\/a>\n\t\t\t\t\t\t\t\t<\/div>\n\t\t\t\t<div class=\"elementor-element elementor-element-12d33556 elementor-widget elementor-widget-button\" data-id=\"12d33556\" data-element_type=\"widget\" data-e-type=\"widget\" data-widget_type=\"button.default\">\n\t\t\t\t\t\t\t\t\t\t<a class=\"elementor-button elementor-button-link elementor-size-sm\" href=\"https:\/\/grpcartier.com\/en\/contact-us\/\">\n\t\t\t\t\t\t<span class=\"elementor-button-content-wrapper\">\n\t\t\t\t\t\t\t\t\t<span class=\"elementor-button-text\">Contact us<\/span>\n\t\t\t\t\t<\/span>\n\t\t\t\t\t<\/a>\n\t\t\t\t\t\t\t\t<\/div>\n\t\t\t\t<\/div>\n\t\t\t\t<\/div>\n\t\t\t\t\t<\/div>\n\t\t\t\t<\/div>\n\t\t<div class=\"elementor-element elementor-element-27188386 e-flex e-con-boxed e-con e-parent\" data-id=\"27188386\" data-element_type=\"container\" data-e-type=\"container\">\n\t\t\t\t\t<div class=\"e-con-inner\">\n\t\t<div class=\"elementor-element elementor-element-71fac8c9 e-con-full e-flex e-con e-child\" data-id=\"71fac8c9\" data-element_type=\"container\" data-e-type=\"container\">\n\t\t\t\t<div class=\"elementor-element elementor-element-416b119d elementor-widget elementor-widget-text-editor\" data-id=\"416b119d\" data-element_type=\"widget\" data-e-type=\"widget\" data-widget_type=\"text-editor.default\">\n\t\t\t\t\t\t\t\t\t<p>See also:<br><a href=\"https:\/\/grpcartier.com\/ajout-etage-duplex-montreal\/\">Adding a floor<\/a>, <a href=\"https:\/\/grpcartier.com\/en\/interior-design\/\">Interior designer<\/a>, <a href=\"https:\/\/grpcartier.com\/en\/interior-design-montreal\/\">Interior design in Montreal<\/a>, <a href=\"https:\/\/grpcartier.com\/armoires-de-cuisine-montreal\/\">Kitchen cabinets in Montreal: creation or renovation by Groupe Cartier<\/a>, <a class=\"row-title\" href=\"https:\/\/grpcartier.com\/wp-admin\/post.php?post=2188&amp;action=edit&amp;lang=fr\" aria-label=\"\u00ab La r\u00e9novation d\u2019armoires de cuisine \u00e0 Montr\u00e9al: les questions \u00e0 vous poser. \u00bb (Modifier)\">Kitchen cabinet renovation in Montreal: questions to ask yourself<\/a>, <a href=\"https:\/\/grpcartier.com\/cout-renovation-duplex\/\">Cost of renovating a duplex<\/a>, <a href=\"https:\/\/grpcartier.com\/en\/custom-made-kitchen-montreal\/\">Custom kitchen in Montreal<\/a>, <a href=\"https:\/\/grpcartier.com\/cuisiniste-montreal\/\">Montreal kitchen designer<\/a>, <a href=\"https:\/\/grpcartier.com\/renovation-commerciale\/\">Commercial renovation<\/a>, <a href=\"https:\/\/grpcartier.com\/en\/kitchen-renovation-montreal\/\">Kitchen renovation in Montreal,<\/a> <a href=\"https:\/\/grpcartier.com\/renovation-duplex-et-triplex-montreal\/\">Duplex and triplex renovation in Montreal<\/a> <\/p>\t\t\t\t\t\t\t\t<\/div>\n\t\t\t\t<\/div>\n\t\t<div class=\"elementor-element elementor-element-dd163d3 e-con-full e-flex e-con e-child\" data-id=\"dd163d3\" data-element_type=\"container\" data-e-type=\"container\">\n\t\t\t\t<div class=\"elementor-element elementor-element-3afe0c0 elementor-widget elementor-widget-image\" data-id=\"3afe0c0\" data-element_type=\"widget\" data-e-type=\"widget\" data-widget_type=\"image.default\">\n\t\t\t\t\t\t\t\t\t\t\t\t\t\t\t<img decoding=\"async\" width=\"800\" height=\"534\" src=\"https:\/\/grpcartier.com\/wp-content\/uploads\/2025\/10\/IMG_3890-HDR.jpg\" class=\"attachment-large size-large wp-image-3039\" alt=\"\" srcset=\"https:\/\/grpcartier.com\/wp-content\/uploads\/2025\/10\/IMG_3890-HDR.jpg 1024w, https:\/\/grpcartier.com\/wp-content\/uploads\/2025\/10\/IMG_3890-HDR-300x200.jpg 300w, https:\/\/grpcartier.com\/wp-content\/uploads\/2025\/10\/IMG_3890-HDR-768x512.jpg 768w\" sizes=\"(max-width: 800px) 100vw, 800px\" \/>\t\t\t\t\t\t\t\t\t\t\t\t\t\t\t<\/div>\n\t\t\t\t<\/div>\n\t\t\t\t\t<\/div>\n\t\t\t\t<\/div>\n\t\t<div class=\"elementor-element elementor-element-770a0ee e-flex e-con-boxed e-con e-parent\" data-id=\"770a0ee\" data-element_type=\"container\" data-e-type=\"container\">\n\t\t\t\t\t<div class=\"e-con-inner\">\n\t\t\t\t<div class=\"elementor-element elementor-element-f526d4d elementor-widget elementor-widget-html\" data-id=\"f526d4d\" data-element_type=\"widget\" data-e-type=\"widget\" data-widget_type=\"html.default\">\n\t\t\t\t\t<script type=\"application\/ld+json\">\n{\n  \"@context\": \"https:\/\/schema.org\",\n  \"@type\": \"Service\",\n  \"name\": \"Duplex Renovation in Villeray\",\n  \"serviceType\": \"Residential duplex renovation\",\n  \"url\": \"https:\/\/grpcartier.com\/en\/duplex-renovation-villeray\/\",\n  \"provider\": {\n    \"@type\": \"LocalBusiness\",\n    \"name\": \"Groupe Cartier\",\n    \"url\": \"https:\/\/grpcartier.com\",\n    \"telephone\": \"+15146296029\"\n  },\n  \"areaServed\": { \"@type\": \"City\", \"name\": \"Villeray\" },\n  \"inLanguage\": \"en-CA\"\n}\n<\/script>\t\t\t\t<\/div>\n\t\t\t\t<div class=\"elementor-element elementor-element-d3cc078 elementor-widget elementor-widget-html\" data-id=\"d3cc078\" data-element_type=\"widget\" data-e-type=\"widget\" data-widget_type=\"html.default\">\n\t\t\t\t\t<script type=\"application\/ld+json\">\n{\n  \"@context\": \"https:\/\/schema.org\",\n  \"@type\": \"BreadcrumbList\",\n  \"itemListElement\": [\n    { \"@type\": \"ListItem\", \"position\": 1, \"name\": \"Home\", \"item\": \"https:\/\/grpcartier.com\/en\/\" },\n    { \"@type\": \"ListItem\", \"position\": 2, \"name\": \"General Contractor\", \"item\": \"https:\/\/grpcartier.com\/en\/general-contractor\/\" },\n    { \"@type\": \"ListItem\", \"position\": 3, \"name\": \"Duplex Renovation in Villeray\", \"item\": \"https:\/\/grpcartier.com\/en\/duplex-renovation-villeray\/\" }\n  ]\n}\n<\/script>\t\t\t\t<\/div>\n\t\t\t\t\t<\/div>\n\t\t\t\t<\/div>\n\t\t\t\t<\/div>\n\t\t","protected":false},"excerpt":{"rendered":"<p>Renovation of a duplex in Villeray Give your Villeray duplex a new lease on life with Groupe Cartier&#8217;s exceptional renovation services. As experts in residential transformation, we are dedicated to revitalizing your duplex, combining contemporary style with enhanced functionality. Renovating a duplex in Villeray requires an innovative and customized approach. At Groupe Cartier, we begin [&hellip;]<\/p>\n","protected":false},"author":2,"featured_media":0,"parent":0,"menu_order":0,"comment_status":"open","ping_status":"open","template":"elementor_header_footer","meta":{"_acf_changed":false,"footnotes":""},"class_list":["post-2276","page","type-page","status-publish","hentry"],"acf":[],"_links":{"self":[{"href":"https:\/\/grpcartier.com\/en\/wp-json\/wp\/v2\/pages\/2276","targetHints":{"allow":["GET"]}}],"collection":[{"href":"https:\/\/grpcartier.com\/en\/wp-json\/wp\/v2\/pages"}],"about":[{"href":"https:\/\/grpcartier.com\/en\/wp-json\/wp\/v2\/types\/page"}],"author":[{"embeddable":true,"href":"https:\/\/grpcartier.com\/en\/wp-json\/wp\/v2\/users\/2"}],"replies":[{"embeddable":true,"href":"https:\/\/grpcartier.com\/en\/wp-json\/wp\/v2\/comments?post=2276"}],"version-history":[{"count":9,"href":"https:\/\/grpcartier.com\/en\/wp-json\/wp\/v2\/pages\/2276\/revisions"}],"predecessor-version":[{"id":5939,"href":"https:\/\/grpcartier.com\/en\/wp-json\/wp\/v2\/pages\/2276\/revisions\/5939"}],"wp:attachment":[{"href":"https:\/\/grpcartier.com\/en\/wp-json\/wp\/v2\/media?parent=2276"}],"curies":[{"name":"wp","href":"https:\/\/api.w.org\/{rel}","templated":true}]}}